{"id":11,"date":"2018-09-10T12:47:51","date_gmt":"2018-09-10T09:47:51","guid":{"rendered":"http:\/\/law-firm.bold-themes.com\/master-import\/?page_id=11"},"modified":"2023-05-04T14:43:56","modified_gmt":"2023-05-04T11:43:56","slug":"hakkimizda","status":"publish","type":"page","link":"https:\/\/www.msaanaliz.com.tr\/m1\/hakkimizda\/","title":{"rendered":"Hakk\u0131m\u0131zda"},"content":{"rendered":"<p><section id=\"bt_bb_section69e62e1d158f3\" data-parallax=\"0.5\" data-parallax-offset=\"0\" class=\"bt_bb_section bt_bb_color_scheme_16 bt_bb_layout_wide bt_bb_vertical_align_top bt_bb_parallax\" ><div class=\"bt_bb_port\"><div class=\"bt_bb_cell\"><div class=\"bt_bb_cell_inner\"><div class=\"bt_bb_row bt_bb_row_push_right bt_bb_row_push_left bt_bb_content_wide bt_bb_row_width_boxed_1200 bt_bb_row_width_boxed  bt_bb_animation_fade_in move_left animate bt_bb_animation_fade_in move_left animate\"  data-bt-override-class=\"{}\"><div class=\"bt_bb_row_holder\" ><div  class=\"bt_bb_column col-xxl-3 col-xl-3 bt_bb_vertical_align_top bt_bb_align_left bt_bb_padding_normal bt_bb_details_right bt_bb_details-color_white\" style=\"; --column-width:3;\" data-width=\"3\" data-bt-override-class=\"{}\"><div class=\"bt_bb_column_content\"><div class=\"bt_bb_column_content_inner\"><\/div><\/div><\/div><div  class=\"bt_bb_column col-xxl-6 col-xl-6 bt_bb_vertical_align_middle bt_bb_align_left bt_bb_padding_20\" style=\"background-color:rgba(255, 255, 255, 1);; --column-width:6;\" data-width=\"6\" data-bt-override-class=\"{}\"><div class=\"bt_bb_column_content\"><div class=\"bt_bb_column_content_inner\"><div class=\"bt_bb_separator bt_bb_bottom_spacing_large bt_bb_border_style_none bt_bb_border_color_none\"><\/div><header class=\"bt_bb_headline bt_bb_dash_none bt_bb_superheadline bt_bb_subheadline bt_bb_size_normal bt_bb_align_inherit\" data-bt-override-class=\"{&quot;bt_bb_align_&quot;:{&quot;current_class&quot;:&quot;bt_bb_align_inherit&quot;,&quot;def&quot;:&quot;inherit&quot;,&quot;xl&quot;:&quot;inherit&quot;}}\"><h3 class=\"bt_bb_headline_tag\"><span class=\"bt_bb_headline_superheadline\">Biz Kimiz?<\/span><span class=\"bt_bb_headline_content\"><span>Sekt\u00f6rdeki 10 y\u0131l\u0131 a\u015fan tecr\u00fcbemiz ile alan\u0131nda en g\u00fcvenilir sonu\u00e7lar\u0131 alaca\u011f\u0131n\u0131z adres.<\/span><\/span><\/h3><div class=\"bt_bb_headline_subheadline\">MSA Tar\u0131msal Analiz Laboratuvar\u0131 2011 y\u0131l\u0131nda Pestisit (Kal\u0131nt\u0131) ve Mineral Analiz<br \/><br \/>\nLaboratuvar\u0131 olarak kurulmu\u015f ve T\u00fcrk Akreditasyon Kurumu (T\u00dcRKAK) taraf\u0131ndan<br \/><br \/>\n25.04.2012 tarihinde akredite edilmi\u015ftir.<\/div><\/header><div class=\"bt_bb_separator bt_bb_bottom_spacing_normal bt_bb_border_style_none\"><\/div><div  class=\"bt_bb_text\" ><\/p>\n<p>Daha kaliteli hizmet anlay\u0131\u015f\u0131 ve sekt\u00f6rdeki ihtiya\u00e7lar g\u00f6z \u00f6n\u00fcne al\u0131narak, farkl\u0131 kapsamlarda da hizmet vermek amac\u0131yla, 2014 y\u0131l\u0131nda Mikrobiyoloji ve Havuz suyu Analiz Laboratuvarlar\u0131n\u0131 kurarak T\u00fcrk Akreditasyon Kurumu (T\u00dcRKAK) taraf\u0131ndan 18.03.2015 tarihinde akredite edilmi\u015ftir. S\u00fcrd\u00fcr\u00fclebilir b\u00fcy\u00fcme hedefine ba\u011fl\u0131 olarak,\u00a0 2021 y\u0131l\u0131nda Antalya Ka\u015f il\u00e7emizde K\u0131n\u0131k \u015eubemiz a\u00e7\u0131larak Pestisit (Kal\u0131nt\u0131) ve Mineral Analiz ve Toprak, Bitki ve Sulama Suyu Analizi Laboratuvarlar\u0131 kurulmu\u015f, TS EN ISO\/IEC 17025 standard\u0131na g\u00f6re 24.12.2021 tarihinde\u00a0\u00a0T\u00fcrk Akreditasyon Kurumu (T\u00dcRKAK)\u00a0\u00a0taraf\u0131ndan akredite edilmi\u015ftir.<\/p>\n<div>G\u00fcven ve ba\u015far\u0131n\u0131n s\u00fcreklili\u011fine ba\u011fl\u0131,\u00a02021 y\u0131l\u0131nda kapsam\u0131m\u0131za bir yenili\u011fi daha ekleyerek, Kalibrasyon Laboratuvar\u0131 kurulmu\u015f, TS EN ISO\/IEC 17025 standard\u0131na g\u00f6re 14.03.2022 tarihinde T\u00fcrk Akreditasyon Kurumu (T\u00dcRKAK)\u00a0\u00a0taraf\u0131ndan akredite edilmi\u015ftir.<\/div>\n<p>\n<\/div><div class=\"bt_bb_separator bt_bb_bottom_spacing_normal bt_bb_border_style_none\"><\/div><div class=\"bt_bb_button bt_bb_color_scheme_4 bt_bb_icon_position_left bt_bb_style_outline_thin bt_bb_size_normal bt_bb_width_inline bt_bb_shape_inherit bt_bb_target_self bt_bb_align_inherit\" style=\"; --primary-color:#316832; --secondary-color:#ffffff;\" data-bt-override-class=\"{&quot;bt_bb_size_&quot;:{&quot;current_class&quot;:&quot;bt_bb_size_normal&quot;,&quot;def&quot;:&quot;normal&quot;,&quot;xl&quot;:&quot;normal&quot;},&quot;bt_bb_align_&quot;:{&quot;current_class&quot;:&quot;bt_bb_align_inherit&quot;,&quot;def&quot;:&quot;inherit&quot;,&quot;xl&quot;:&quot;inherit&quot;}}\"><a href=\"about-us\" target=\"_self\" class=\"bt_bb_link\" title=\"\u015eubelerimiz\"><span class=\"bt_bb_button_text\" >\u015eubelerimiz<\/span><\/a><\/div><div class=\"bt_bb_button bt_bb_color_scheme_3 bt_bb_icon_position_left bt_bb_style_underline bt_bb_size_normal bt_bb_width_inline bt_bb_shape_inherit bt_bb_target_self bt_bb_align_inherit\" style=\"; --primary-color:#316832; --secondary-color:#191919;\" data-bt-override-class=\"{&quot;bt_bb_size_&quot;:{&quot;current_class&quot;:&quot;bt_bb_size_normal&quot;,&quot;def&quot;:&quot;normal&quot;,&quot;xl&quot;:&quot;normal&quot;},&quot;bt_bb_align_&quot;:{&quot;current_class&quot;:&quot;bt_bb_align_inherit&quot;,&quot;def&quot;:&quot;inherit&quot;,&quot;xl&quot;:&quot;inherit&quot;}}\"><a href=\"https:\/\/www.msaanaliz.com.tr\/m1\/hakkimizda\/clients\/\" target=\"_self\" class=\"bt_bb_link\" title=\"Sertifikalar\u0131m\u0131z\"><span class=\"bt_bb_button_text\" >Sertifikalar\u0131m\u0131z<\/span><\/a><\/div><div class=\"bt_bb_separator bt_bb_bottom_spacing_large bt_bb_border_style_none bt_bb_border_color_none\"><\/div><\/div><\/div><\/div><div  class=\"bt_bb_column col-xxl-3 col-xl-3 bt_bb_vertical_align_top bt_bb_align_left bt_bb_column_background_image bt_bb_padding_normal bt_bb_details_left-inner bt_bb_details-color_white\" style=\"background-image:url(&#039;https:\/\/www.msaanaliz.com.tr\/m1\/wp-content\/uploads\/2021\/10\/home_photo-large.jpg&#039;);; --column-width:3;\" data-width=\"3\" data-bt-override-class=\"{&quot;bt_bb_align_&quot;:{&quot;current_class&quot;:&quot;bt_bb_align_left&quot;,&quot;def&quot;:&quot;left&quot;,&quot;xl&quot;:&quot;left&quot;}}\"><div class=\"bt_bb_column_content\"><div class=\"bt_bb_column_content_inner\"><\/div><\/div><\/div><\/div><\/div><\/div><\/div><\/div><\/section><section id=\"bt_bb_section69e62e1d166ae\"  class=\"bt_bb_section bt_bb_top_spacing_large bt_bb_color_scheme_16 bt_bb_layout_boxed_1200 bt_bb_vertical_align_top\" ><div class=\"bt_bb_port\"><div class=\"bt_bb_cell\"><div class=\"bt_bb_cell_inner\"><div class=\"bt_bb_row \"  data-bt-override-class=\"{}\"><div class=\"bt_bb_row_holder\" ><div  class=\"bt_bb_column col-xxl-3 col-xl-3 bt_bb_vertical_align_top bt_bb_align_left bt_bb_padding_normal\" style=\"; --column-width:3;\" data-width=\"3\" data-bt-override-class=\"{}\"><div class=\"bt_bb_column_content\"><div class=\"bt_bb_column_content_inner\"><\/div><\/div><\/div><div  class=\"bt_bb_column col-xxl-6 col-xl-6 bt_bb_vertical_align_top bt_bb_align_center bt_bb_padding_normal bt_bb_animation_fade_in animate\" style=\"; --column-width:6;\" data-width=\"6\" data-bt-override-class=\"{}\"><div class=\"bt_bb_column_content\"><div class=\"bt_bb_column_content_inner\"><header class=\"bt_bb_headline bt_bb_dash_none bt_bb_superheadline bt_bb_size_normal bt_bb_align_inherit\" data-bt-override-class=\"{&quot;bt_bb_align_&quot;:{&quot;current_class&quot;:&quot;bt_bb_align_inherit&quot;,&quot;def&quot;:&quot;inherit&quot;,&quot;xl&quot;:&quot;inherit&quot;}}\"><h3 class=\"bt_bb_headline_tag\"><span class=\"bt_bb_headline_superheadline\">MSA Laboratuvarlar Grubu<\/span><span class=\"bt_bb_headline_content\"><span>Vizyonumuz<\/span><\/span><\/h3><\/header><div class=\"bt_bb_separator bt_bb_bottom_spacing_medium bt_bb_border_style_none\"><\/div><\/div><\/div><\/div><div  class=\"bt_bb_column col-xxl-3 col-xl-3 bt_bb_vertical_align_top bt_bb_align_left bt_bb_padding_normal\" style=\"; --column-width:3;\" data-width=\"3\" data-bt-override-class=\"{}\"><div class=\"bt_bb_column_content\"><div class=\"bt_bb_column_content_inner\"><\/div><\/div><\/div><\/div><\/div><div class=\"bt_bb_row \"  data-bt-override-class=\"{}\"><div class=\"bt_bb_row_holder\" ><div  class=\"bt_bb_column col-xxl-5 col-xl-5 bt_bb_vertical_align_top bt_bb_align_left bt_bb_padding_normal bt_bb_animation_fade_in animate\" style=\"; --column-width:5;\" data-width=\"5\" data-bt-override-class=\"{}\"><div class=\"bt_bb_column_content\"><div class=\"bt_bb_column_content_inner\"><div class=\"bt_bb_image bt_bb_shape_square bt_bb_align_inherit bt_bb_hover_style_simple bt_bb_content_display_always bt_bb_content_align_middle\" data-bt-override-class=\"{&quot;bt_bb_align_&quot;:{&quot;current_class&quot;:&quot;bt_bb_align_inherit&quot;,&quot;def&quot;:&quot;inherit&quot;,&quot;xl&quot;:&quot;inherit&quot;}}\"><span><img src = \"https:\/\/www.msaanaliz.com.tr\/m1\/wp-content\/plugins\/bold-page-builder\/img\/blank.gif\" data-full_image_src=\"https:\/\/www.msaanaliz.com.tr\/m1\/wp-content\/uploads\/2018\/09\/post_01.jpg\" data-image_src=\"https:\/\/www.msaanaliz.com.tr\/m1\/wp-content\/uploads\/2018\/09\/post_01.jpg\" title=\"post_01\" alt=\"https:\/\/www.msaanaliz.com.tr\/m1\/wp-content\/uploads\/2018\/09\/post_01.jpg\" class=\"btLazyLoadImage\"><\/span><\/div><div class=\"bt_bb_separator bt_bb_bottom_spacing_medium bt_bb_border_style_none bt_bb_border_color_none\"><\/div><\/div><\/div><\/div><div  class=\"bt_bb_column col-xxl-7 col-xl-7 bt_bb_vertical_align_middle bt_bb_align_left bt_bb_padding_40 bt_bb_animation_fade_in animate\" style=\"; --column-width:7;\" data-width=\"7\" data-bt-override-class=\"{}\"><div class=\"bt_bb_column_content\"><div class=\"bt_bb_column_content_inner\"><div class=\"bt_bb_testimonial bt_bb_text_size_large\"><div class=\"bt_bb_testimonial_text\"><span>MSA Tar\u0131msal Analiz Laboratuvar\u0131 olarak vizyonumuz; m\u00fc\u015fteri odakl\u0131 bir yakla\u015f\u0131mla hizmet verdi\u011fimiz tar\u0131m sekt\u00f6r\u00fc ve kalibrasyon hizmetinde kaliteli, g\u00fcvenilir, kendini geli\u015ftiren bir laboratuvar olup \u00f6rnek g\u00f6sterilecek bir kurulu\u015f olmakt\u0131r.<\/span><\/div><div class=\"bt_bb_testimonial_text_box\"><header class=\"bt_bb_headline bt_bb_size_medium btNoHeadline\" data-bt-override-class=\"{}\"><\/header><\/div><\/div><div class=\"bt_bb_separator bt_bb_bottom_spacing_small bt_bb_border_style_none bt_bb_border_color_none\"><\/div><header class=\"bt_bb_headline bt_bb_dash_none bt_bb_subheadline bt_bb_size_small bt_bb_align_inherit\" data-bt-override-class=\"{&quot;bt_bb_align_&quot;:{&quot;current_class&quot;:&quot;bt_bb_align_inherit&quot;,&quot;def&quot;:&quot;inherit&quot;,&quot;xl&quot;:&quot;inherit&quot;}}\"><h4 class=\"bt_bb_headline_tag\"><span class=\"bt_bb_headline_content\"><span>Mustafa AKAR<\/span><\/span><\/h4><div class=\"bt_bb_headline_subheadline\">Genel M\u00fcd\u00fcr<\/div><\/header><div class=\"bt_bb_image bt_bb_shape_square bt_bb_align_inherit bt_bb_hover_style_simple bt_bb_content_display_always bt_bb_content_align_middle\" data-bt-override-class=\"{&quot;bt_bb_align_&quot;:{&quot;current_class&quot;:&quot;bt_bb_align_inherit&quot;,&quot;def&quot;:&quot;inherit&quot;,&quot;xl&quot;:&quot;inherit&quot;}}\"><span><img src = \"https:\/\/www.msaanaliz.com.tr\/m1\/wp-content\/plugins\/bold-page-builder\/img\/blank.gif\" data-full_image_src=\"https:\/\/www.msaanaliz.com.tr\/m1\/wp-content\/uploads\/2023\/05\/makarimza-1.png\" data-image_src=\"https:\/\/www.msaanaliz.com.tr\/m1\/wp-content\/uploads\/2023\/05\/makarimza-1-160x160.png\" title=\"makarimza\" alt=\"https:\/\/www.msaanaliz.com.tr\/m1\/wp-content\/uploads\/2023\/05\/makarimza-1-160x160.png\" class=\"btLazyLoadImage\"><\/span><\/div><div class=\"bt_bb_separator bt_bb_top_spacing_normal bt_bb_bottom_spacing_normal bt_bb_border_style_solid\"><\/div><\/div><\/div><\/div><\/div><\/div><\/div><\/div><\/div><\/section><\/p>\n","protected":false},"excerpt":{"rendered":"","protected":false},"author":1,"featured_media":2788,"parent":0,"menu_order":0,"comment_status":"closed","ping_status":"closed","template":"","meta":{"footnotes":""},"class_list":["post-11","page","type-page","status-publish","has-post-thumbnail","hentry"],"_links":{"self":[{"href":"https:\/\/www.msaanaliz.com.tr\/m1\/wp-json\/wp\/v2\/pages\/11","targetHints":{"allow":["GET"]}}],"collection":[{"href":"https:\/\/www.msaanaliz.com.tr\/m1\/wp-json\/wp\/v2\/pages"}],"about":[{"href":"https:\/\/www.msaanaliz.com.tr\/m1\/wp-json\/wp\/v2\/types\/page"}],"author":[{"embeddable":true,"href":"https:\/\/www.msaanaliz.com.tr\/m1\/wp-json\/wp\/v2\/users\/1"}],"replies":[{"embeddable":true,"href":"https:\/\/www.msaanaliz.com.tr\/m1\/wp-json\/wp\/v2\/comments?post=11"}],"version-history":[{"count":9,"href":"https:\/\/www.msaanaliz.com.tr\/m1\/wp-json\/wp\/v2\/pages\/11\/revisions"}],"predecessor-version":[{"id":3837,"href":"https:\/\/www.msaanaliz.com.tr\/m1\/wp-json\/wp\/v2\/pages\/11\/revisions\/3837"}],"wp:featuredmedia":[{"embeddable":true,"href":"https:\/\/www.msaanaliz.com.tr\/m1\/wp-json\/wp\/v2\/media\/2788"}],"wp:attachment":[{"href":"https:\/\/www.msaanaliz.com.tr\/m1\/wp-json\/wp\/v2\/media?parent=11"}],"curies":[{"name":"wp","href":"https:\/\/api.w.org\/{rel}","templated":true}]}}