{"id":2920,"date":"2020-06-04T07:46:23","date_gmt":"2020-06-04T04:46:23","guid":{"rendered":"http:\/\/novalab.bold-themes.com\/demo-02\/?page_id=2920"},"modified":"2021-11-01T22:44:40","modified_gmt":"2021-11-01T19:44:40","slug":"neredeyiz","status":"publish","type":"page","link":"https:\/\/www.msaanaliz.com.tr\/m1\/hakkimizda\/neredeyiz\/","title":{"rendered":"\u015eube Konumlar\u0131"},"content":{"rendered":"<p><section id=\"bt_bb_section69e895cdd38f9\"  class=\"bt_bb_section bt_bb_layout_wide bt_bb_vertical_align_top\" ><div class=\"bt_bb_port\"><div class=\"bt_bb_cell\"><div class=\"bt_bb_cell_inner\"><div class=\"bt_bb_row \"  data-bt-override-class=\"{}\"><div class=\"bt_bb_row_holder\" ><div  class=\"bt_bb_column col-xxl-12 col-xl-12 bt_bb_vertical_align_top bt_bb_align_left bt_bb_padding_normal\" style=\"; --column-width:12;\" data-width=\"12\" data-bt-override-class=\"{}\"><div class=\"bt_bb_column_content\"><div class=\"bt_bb_column_content_inner\"><div class=\"bt_bb_google_maps bt_bb_map bt_bb_map_type_interactive bt_bb_google_maps_with_content bt_bb_map_with_content\" data-center=\"no\" data-bt-override-class=\"{}\"><div class=\"bt_bb_google_maps_map bt_bb_map_map\" id=\"map_canvas69e895cdd3b82\" data-height=\"850\" data-api-key=\"AIzaSyBdtUXWmdyd-TpWbOhlS9KebuBrvBSHxTk\" data-map-type=\"interactive\" data-zoom=\"8\" data-init-finished=\"false\" data-custom-style=\"WwogICAgewogICAgICAgICJmZWF0dXJlVHlwZSI6ICJhbGwiLAogICAgICAgICJlbGVtZW50VHlwZSI6ICJhbGwiLAogICAgICAgICJzdHlsZXJzIjogWwogICAgICAgICAgICB7CiAgICAgICAgICAgICAgICAiaHVlIjogIiMwMDhlZmYiCiAgICAgICAgICAgIH0KICAgICAgICBdCiAgICB9LAogICAgewogICAgICAgICJmZWF0dXJlVHlwZSI6ICJwb2kiLAogICAgICAgICJlbGVtZW50VHlwZSI6ICJhbGwiLAogICAgICAgICJzdHlsZXJzIjogWwogICAgICAgICAgICB7CiAgICAgICAgICAgICAgICAidmlzaWJpbGl0eSI6ICJvZmYiCiAgICAgICAgICAgIH0KICAgICAgICBdCiAgICB9LAogICAgewogICAgICAgICJmZWF0dXJlVHlwZSI6ICJyb2FkIiwKICAgICAgICAiZWxlbWVudFR5cGUiOiAiYWxsIiwKICAgICAgICAic3R5bGVycyI6IFsKICAgICAgICAgICAgewogICAgICAgICAgICAgICAgInNhdHVyYXRpb24iOiAiMCIKICAgICAgICAgICAgfSwKICAgICAgICAgICAgewogICAgICAgICAgICAgICAgImxpZ2h0bmVzcyI6ICIwIgogICAgICAgICAgICB9CiAgICAgICAgXQogICAgfSwKICAgIHsKICAgICAgICAiZmVhdHVyZVR5cGUiOiAidHJhbnNpdCIsCiAgICAgICAgImVsZW1lbnRUeXBlIjogImFsbCIsCiAgICAgICAgInN0eWxlcnMiOiBbCiAgICAgICAgICAgIHsKICAgICAgICAgICAgICAgICJ2aXNpYmlsaXR5IjogIm9mZiIKICAgICAgICAgICAgfQogICAgICAgIF0KICAgIH0sCiAgICB7CiAgICAgICAgImZlYXR1cmVUeXBlIjogIndhdGVyIiwKICAgICAgICAiZWxlbWVudFR5cGUiOiAiYWxsIiwKICAgICAgICAic3R5bGVycyI6IFsKICAgICAgICAgICAgewogICAgICAgICAgICAgICAgInZpc2liaWxpdHkiOiAic2ltcGxpZmllZCIKICAgICAgICAgICAgfSwKICAgICAgICAgICAgewogICAgICAgICAgICAgICAgInNhdHVyYXRpb24iOiAiLTYwIgogICAgICAgICAgICB9LAogICAgICAgICAgICB7CiAgICAgICAgICAgICAgICAibGlnaHRuZXNzIjogIi0yMCIKICAgICAgICAgICAgfQogICAgICAgIF0KICAgIH0KXQ==\"\"><\/div><span class=\"bt_bb_google_maps_content_toggler bt_bb_map_content_toggler\"><\/span><div class=\"bt_bb_google_maps_content bt_bb_map_content\"><div class=\"bt_bb_google_maps_content_wrapper bt_bb_map_content_wrapper\"><div class=\"bt_bb_google_maps_location bt_bb_map_location\" data-lat=\"36.90581274975134\" data-lng=\"30.6816825561917\" data-icon=\"https:\/\/www.msaanaliz.com.tr\/m1\/wp-content\/uploads\/2021\/11\/mapmarkericon-1320166582858325800.png\"><div class=\"bt_bb_image bt_bb_shape_square bt_bb_align_inherit bt_bb_hover_style_simple bt_bb_content_display_always bt_bb_content_align_middle\" data-bt-override-class=\"{&quot;bt_bb_align_&quot;:{&quot;current_class&quot;:&quot;bt_bb_align_inherit&quot;,&quot;def&quot;:&quot;inherit&quot;,&quot;xl&quot;:&quot;inherit&quot;}}\"><a href=\"https:\/\/www.msaanaliz.com.tr\/m1\/calli-merkez-sube\/\"  target=\"_self\" title=\"msalogo2021calli\"><img src = \"https:\/\/www.msaanaliz.com.tr\/m1\/wp-content\/plugins\/bold-page-builder\/img\/blank.gif\" data-full_image_src=\"https:\/\/www.msaanaliz.com.tr\/m1\/wp-content\/uploads\/2021\/11\/msalogo2021calli.png\" data-image_src=\"https:\/\/www.msaanaliz.com.tr\/m1\/wp-content\/uploads\/2021\/11\/msalogo2021calli.png\" title=\"msalogo2021calli\" alt=\"https:\/\/www.msaanaliz.com.tr\/m1\/wp-content\/uploads\/2021\/11\/msalogo2021calli.png\" class=\"btLazyLoadImage\"><\/a><\/div><div class=\"bt_bb_separator bt_bb_bottom_spacing_normal bt_bb_border_style_none\"><\/div><header class=\"bt_bb_headline bt_bb_color_scheme_2 bt_bb_dash_none bt_bb_size_medium bt_bb_align_inherit\" style=\"; --primary-color:#191919; --secondary-color:#ffffff;\" data-bt-override-class=\"{&quot;bt_bb_align_&quot;:{&quot;current_class&quot;:&quot;bt_bb_align_inherit&quot;,&quot;def&quot;:&quot;inherit&quot;,&quot;xl&quot;:&quot;inherit&quot;}}\"><h4 class=\"bt_bb_headline_tag\"><span class=\"bt_bb_headline_content\"><span><a href=\"https:\/\/www.msaanaliz.com.tr\/m1\/calli-merkez-sube\/\" target=\"_self\" title=\"\u00c7all\u0131 \/ Merkez\">\u00c7all\u0131 \/ Merkez<\/a><\/span><\/span><\/h4><\/header><div class=\"bt_bb_separator bt_bb_bottom_spacing_normal bt_bb_border_style_none\"><\/div><div class=\"bt_bb_icon bt_bb_color_scheme_3 bt_bb_style_borderless bt_bb_size_small bt_bb_shape_circle bt_bb_target_self bt_bb_align_inherit bt_bb_text_size_small btWithText\" style=\"; --primary-color:#316832; --secondary-color:#191919;\" data-bt-override-class=\"{&quot;bt_bb_size_&quot;:{&quot;current_class&quot;:&quot;bt_bb_size_small&quot;,&quot;def&quot;:&quot;small&quot;,&quot;xl&quot;:&quot;small&quot;},&quot;bt_bb_align_&quot;:{&quot;current_class&quot;:&quot;bt_bb_align_inherit&quot;,&quot;def&quot;:&quot;inherit&quot;,&quot;xl&quot;:&quot;inherit&quot;}}\"><a href=\"#\"  target=\"_self\"  title=\"0242 345 74 74\"  data-ico-fontawesome=\"&#xf2a0;\" class=\"bt_bb_icon_holder\"><span>0242 345 74 74<\/span><\/a><\/div><div class=\"bt_bb_separator bt_bb_bottom_spacing_small bt_bb_border_style_none\"><\/div><div class=\"bt_bb_icon bt_bb_color_scheme_3 bt_bb_style_borderless bt_bb_size_small bt_bb_shape_circle bt_bb_target_self bt_bb_align_inherit bt_bb_text_size_small btWithText\" style=\"; --primary-color:#316832; --secondary-color:#191919;\" data-bt-override-class=\"{&quot;bt_bb_size_&quot;:{&quot;current_class&quot;:&quot;bt_bb_size_small&quot;,&quot;def&quot;:&quot;small&quot;,&quot;xl&quot;:&quot;small&quot;},&quot;bt_bb_align_&quot;:{&quot;current_class&quot;:&quot;bt_bb_align_inherit&quot;,&quot;def&quot;:&quot;inherit&quot;,&quot;xl&quot;:&quot;inherit&quot;}}\"><a href=\"#\"  target=\"_self\"  title=\"Muratpa\u015fa \/ Antalya\"  data-ico-fontawesome5solid=\"&#xf3c5;\" class=\"bt_bb_icon_holder\"><span>Muratpa\u015fa \/ Antalya<\/span><\/a><\/div><div class=\"bt_bb_separator bt_bb_bottom_spacing_small bt_bb_border_style_none bt_bb_border_color_none\"><\/div><\/div><div class=\"bt_bb_google_maps_location bt_bb_map_location\" data-lat=\"36.950835314083776\" data-lng=\"30.7079266182225\" data-icon=\"https:\/\/www.msaanaliz.com.tr\/m1\/wp-content\/uploads\/2021\/11\/mapmarkericon-1320166582858325800.png\"><div class=\"bt_bb_image bt_bb_shape_square bt_bb_align_inherit bt_bb_hover_style_simple bt_bb_content_display_always bt_bb_content_align_middle\" style=\"height:50; overflow: hidden;\" data-bt-override-class=\"{&quot;bt_bb_align_&quot;:{&quot;current_class&quot;:&quot;bt_bb_align_inherit&quot;,&quot;def&quot;:&quot;inherit&quot;,&quot;xl&quot;:&quot;inherit&quot;}}\"><a href=\"https:\/\/www.msaanaliz.com.tr\/m1\/kepez-sube\/\"  target=\"_self\" title=\"msalogo2021kepez\"><img src = \"https:\/\/www.msaanaliz.com.tr\/m1\/wp-content\/plugins\/bold-page-builder\/img\/blank.gif\" data-full_image_src=\"https:\/\/www.msaanaliz.com.tr\/m1\/wp-content\/uploads\/2021\/11\/msalogo2021kepez.png\" data-image_src=\"https:\/\/www.msaanaliz.com.tr\/m1\/wp-content\/uploads\/2021\/11\/msalogo2021kepez.png\" title=\"msalogo2021kepez\" alt=\"https:\/\/www.msaanaliz.com.tr\/m1\/wp-content\/uploads\/2021\/11\/msalogo2021kepez.png\" class=\"btLazyLoadImage\"><\/a><\/div><div class=\"bt_bb_separator bt_bb_bottom_spacing_normal bt_bb_border_style_none\"><\/div><header class=\"bt_bb_headline bt_bb_color_scheme_2 bt_bb_dash_none bt_bb_size_medium bt_bb_align_inherit\" style=\"; --primary-color:#191919; --secondary-color:#ffffff;\" data-bt-override-class=\"{&quot;bt_bb_align_&quot;:{&quot;current_class&quot;:&quot;bt_bb_align_inherit&quot;,&quot;def&quot;:&quot;inherit&quot;,&quot;xl&quot;:&quot;inherit&quot;}}\"><h4 class=\"bt_bb_headline_tag\"><span class=\"bt_bb_headline_content\"><span><a href=\"https:\/\/www.msaanaliz.com.tr\/m1\/kepez-sube\/\" target=\"_self\" title=\"Kepez \u015eube\">Kepez \u015eube<\/a><\/span><\/span><\/h4><\/header><div class=\"bt_bb_separator bt_bb_bottom_spacing_normal bt_bb_border_style_none\"><\/div><div class=\"bt_bb_icon bt_bb_color_scheme_3 bt_bb_style_borderless bt_bb_size_small bt_bb_shape_circle bt_bb_target_self bt_bb_align_inherit bt_bb_text_size_small btWithText\" style=\"; --primary-color:#316832; --secondary-color:#191919;\" data-bt-override-class=\"{&quot;bt_bb_size_&quot;:{&quot;current_class&quot;:&quot;bt_bb_size_small&quot;,&quot;def&quot;:&quot;small&quot;,&quot;xl&quot;:&quot;small&quot;},&quot;bt_bb_align_&quot;:{&quot;current_class&quot;:&quot;bt_bb_align_inherit&quot;,&quot;def&quot;:&quot;inherit&quot;,&quot;xl&quot;:&quot;inherit&quot;}}\"><a href=\"#\"  target=\"_self\"  title=\"0 242 417 60 70\"  data-ico-fontawesome=\"&#xf2a0;\" class=\"bt_bb_icon_holder\"><span>0 242 417 60 70<\/span><\/a><\/div><div class=\"bt_bb_separator bt_bb_bottom_spacing_small bt_bb_border_style_none\"><\/div><div class=\"bt_bb_icon bt_bb_color_scheme_3 bt_bb_style_borderless bt_bb_size_small bt_bb_shape_circle bt_bb_target_self bt_bb_align_inherit bt_bb_text_size_small btWithText\" style=\"; --primary-color:#316832; --secondary-color:#191919;\" data-bt-override-class=\"{&quot;bt_bb_size_&quot;:{&quot;current_class&quot;:&quot;bt_bb_size_small&quot;,&quot;def&quot;:&quot;small&quot;,&quot;xl&quot;:&quot;small&quot;},&quot;bt_bb_align_&quot;:{&quot;current_class&quot;:&quot;bt_bb_align_inherit&quot;,&quot;def&quot;:&quot;inherit&quot;,&quot;xl&quot;:&quot;inherit&quot;}}\"><a href=\"#\"  target=\"_self\"  title=\"Kepez \/ Antalya\"  data-ico-fontawesome5solid=\"&#xf3c5;\" class=\"bt_bb_icon_holder\"><span>Kepez \/ Antalya<\/span><\/a><\/div><div class=\"bt_bb_separator bt_bb_bottom_spacing_small bt_bb_border_style_none bt_bb_border_color_none\"><\/div><\/div><div class=\"bt_bb_google_maps_location bt_bb_map_location\" data-lat=\"36.20460006368433\" data-lng=\"29.63637967760169\" data-icon=\"https:\/\/www.msaanaliz.com.tr\/m1\/wp-content\/uploads\/2021\/11\/mapmarkericon-1320166582858325800.png\"><div class=\"bt_bb_image bt_bb_shape_square bt_bb_align_inherit bt_bb_hover_style_simple bt_bb_content_display_always bt_bb_content_align_middle\" data-bt-override-class=\"{&quot;bt_bb_align_&quot;:{&quot;current_class&quot;:&quot;bt_bb_align_inherit&quot;,&quot;def&quot;:&quot;inherit&quot;,&quot;xl&quot;:&quot;inherit&quot;}}\"><a href=\"https:\/\/www.msaanaliz.com.tr\/m1\/kinik-kas-sube\/\"  target=\"_self\" title=\"msalogo2021kinik\"><img src = \"https:\/\/www.msaanaliz.com.tr\/m1\/wp-content\/plugins\/bold-page-builder\/img\/blank.gif\" data-full_image_src=\"https:\/\/www.msaanaliz.com.tr\/m1\/wp-content\/uploads\/2021\/11\/msalogo2021kinik.png\" data-image_src=\"https:\/\/www.msaanaliz.com.tr\/m1\/wp-content\/uploads\/2021\/11\/msalogo2021kinik.png\" title=\"msalogo2021kinik\" alt=\"https:\/\/www.msaanaliz.com.tr\/m1\/wp-content\/uploads\/2021\/11\/msalogo2021kinik.png\" class=\"btLazyLoadImage\"><\/a><\/div><div class=\"bt_bb_separator bt_bb_bottom_spacing_normal bt_bb_border_style_none\"><\/div><header class=\"bt_bb_headline bt_bb_color_scheme_2 bt_bb_dash_none bt_bb_size_medium bt_bb_align_inherit\" style=\"; --primary-color:#191919; --secondary-color:#ffffff;\" data-bt-override-class=\"{&quot;bt_bb_align_&quot;:{&quot;current_class&quot;:&quot;bt_bb_align_inherit&quot;,&quot;def&quot;:&quot;inherit&quot;,&quot;xl&quot;:&quot;inherit&quot;}}\"><h4 class=\"bt_bb_headline_tag\"><span class=\"bt_bb_headline_content\"><span><a href=\"https:\/\/www.msaanaliz.com.tr\/m1\/kinik-kas-sube\/\" target=\"_self\" title=\"K\u0131n\u0131k \u015eube\">K\u0131n\u0131k \u015eube<\/a><\/span><\/span><\/h4><\/header><div class=\"bt_bb_separator bt_bb_bottom_spacing_normal bt_bb_border_style_none\"><\/div><div class=\"bt_bb_icon bt_bb_color_scheme_3 bt_bb_style_borderless bt_bb_size_small bt_bb_shape_circle bt_bb_target_self bt_bb_align_inherit bt_bb_text_size_small btWithText\" style=\"; --primary-color:#316832; --secondary-color:#191919;\" data-bt-override-class=\"{&quot;bt_bb_size_&quot;:{&quot;current_class&quot;:&quot;bt_bb_size_small&quot;,&quot;def&quot;:&quot;small&quot;,&quot;xl&quot;:&quot;small&quot;},&quot;bt_bb_align_&quot;:{&quot;current_class&quot;:&quot;bt_bb_align_inherit&quot;,&quot;def&quot;:&quot;inherit&quot;,&quot;xl&quot;:&quot;inherit&quot;}}\"><a href=\"#\"  target=\"_self\"  title=\"0 242 845 42 40 \"  data-ico-fontawesome=\"&#xf2a0;\" class=\"bt_bb_icon_holder\"><span>0 242 845 42 40 <\/span><\/a><\/div><div class=\"bt_bb_separator bt_bb_bottom_spacing_small bt_bb_border_style_none\"><\/div><div class=\"bt_bb_icon bt_bb_color_scheme_3 bt_bb_style_borderless bt_bb_size_small bt_bb_shape_circle bt_bb_target_self bt_bb_align_inherit bt_bb_text_size_small btWithText\" style=\"; --primary-color:#316832; --secondary-color:#191919;\" data-bt-override-class=\"{&quot;bt_bb_size_&quot;:{&quot;current_class&quot;:&quot;bt_bb_size_small&quot;,&quot;def&quot;:&quot;small&quot;,&quot;xl&quot;:&quot;small&quot;},&quot;bt_bb_align_&quot;:{&quot;current_class&quot;:&quot;bt_bb_align_inherit&quot;,&quot;def&quot;:&quot;inherit&quot;,&quot;xl&quot;:&quot;inherit&quot;}}\"><a href=\"#\"  target=\"_self\"  title=\"Ka\u015f \/ Antalya\"  data-ico-fontawesome5solid=\"&#xf3c5;\" class=\"bt_bb_icon_holder\"><span>Ka\u015f \/ Antalya<\/span><\/a><\/div><div class=\"bt_bb_separator bt_bb_bottom_spacing_small bt_bb_border_style_none bt_bb_border_color_none\"><\/div><\/div><\/div><\/div><\/div><\/div><\/div><\/div><\/div><\/div><\/div><\/div><\/div><\/section><section id=\"bt_bb_section69e895cdd5902\"  class=\"bt_bb_section bt_bb_layout_boxed_1200\" ><div class=\"bt_bb_port\"><div class=\"bt_bb_cell\"><div class=\"bt_bb_cell_inner\"><div class=\"bt_bb_row \"  data-bt-override-class=\"{}\"><div class=\"bt_bb_row_holder\" ><div  class=\"bt_bb_column col-xxl-12 col-xl-12 col-xs-12 col-sm-12 col-md-12 col-lg-12 bt_bb_vertical_align_top bt_bb_align_left bt_bb_padding_normal\" style=\"; --column-width:12;\" data-width=\"12\" data-bt-override-class=\"{}\"><div class=\"bt_bb_column_content\"><div class=\"bt_bb_column_content_inner\"><div class=\"bt_bb_separator bt_bb_top_spacing_normal bt_bb_bottom_spacing_normal bt_bb_border_style_none bt_bb_border_color_none\"><\/div><\/div><\/div><\/div><\/div><\/div><div class=\"bt_bb_row \"  data-bt-override-class=\"{}\"><div class=\"bt_bb_row_holder\" ><div  class=\"bt_bb_column col-xxl-4 col-xl-4 col-xs-12 col-sm-12 col-md-12 col-lg-4 bt_bb_vertical_align_top bt_bb_align_left bt_bb_padding_normal\" style=\"; --column-width:4;\" data-width=\"4\" data-bt-override-class=\"{}\"><div class=\"bt_bb_column_content\"><div class=\"bt_bb_column_content_inner\"><div class=\"bt_bb_card_image bt_bb_size_medium bt_bb_shadow_show bt_bb_background_color_scheme_2\"><div class=\"bt_bb_card_image_background\">\r\n\t\t\t<div class=\"bt_bb_image bt_bb_shape_square\" data-bt-override-class=\"{}\"><a href=\"https:\/\/www.msaanaliz.com.tr\/m1\/calli-merkez-sube\/\"  target=\"_self\" title=\"\u00c7all\u0131 Merkez \u015eube\"><img src = \"https:\/\/www.msaanaliz.com.tr\/m1\/wp-content\/plugins\/bold-page-builder\/img\/blank.gif\" data-full_image_src=\"https:\/\/www.msaanaliz.com.tr\/m1\/wp-content\/uploads\/2021\/11\/msalogo2021calli.png\" data-image_src=\"https:\/\/www.msaanaliz.com.tr\/m1\/wp-content\/uploads\/2021\/11\/msalogo2021calli.png\" title=\"\u00c7all\u0131 Merkez \u015eube\" alt=\"\u00c7all\u0131 Merkez \u015eube\" class=\"btLazyLoadImage\"><\/a><\/div>\r\n\t\t<\/div><div class=\"bt_bb_card_image_text_box\"><div class=\"bt_bb_card_image_title\"><header class=\"bt_bb_headline bt_bb_size_medium\" data-bt-override-class=\"{}\"><h3 class=\"bt_bb_headline_tag\"><span class=\"bt_bb_headline_content\"><span><a href=\"https:\/\/www.msaanaliz.com.tr\/m1\/calli-merkez-sube\/\" target=\"_self\" title=\"\u00c7all\u0131 Merkez \u015eube\">\u00c7all\u0131 Merkez \u015eube<\/a><\/span><\/span><\/h3><\/header><\/div><div class=\"bt_bb_card_image_text\">G\u00fcvenlik Mh. 282 Sk. No:14\/4 Ziya Sar\u0131 \u0130\u015f Merkezi Muratpa\u015fa \/ Antalya<\/div><div class=\"bt_bb_card_image_content_inner\"><div  class=\"bt_bb_text\" ><\/p>\n<p>Telefon: 0 242 345 74 74<\/p>\n<p>\n<\/div><div  class=\"bt_bb_text\" ><\/p>\n<p>Faks: 0 242 345 74 71<\/p>\n<p>\n<\/div><div  class=\"bt_bb_text\" ><\/p>\n<p>E-Posta: <a href=\"mailto:msa@msaanaliz.com.tr\">msa@msaanaliz.com.tr<\/a><\/p>\n<p>\n<\/div><div class=\"bt_bb_separator bt_bb_top_spacing_normal bt_bb_bottom_spacing_normal bt_bb_border_style_none bt_bb_border_color_none\"><\/div><\/div><\/div><\/div><\/div><\/div><\/div><div  class=\"bt_bb_column col-xxl-4 col-xl-4 col-xs-12 col-sm-12 col-md-12 col-lg-4 bt_bb_vertical_align_top bt_bb_align_left bt_bb_padding_normal\" style=\"; --column-width:4;\" data-width=\"4\" data-bt-override-class=\"{}\"><div class=\"bt_bb_column_content\"><div class=\"bt_bb_column_content_inner\"><div class=\"bt_bb_card_image bt_bb_size_medium bt_bb_shadow_show bt_bb_background_color_scheme_2\"><div class=\"bt_bb_card_image_background\">\r\n\t\t\t<div class=\"bt_bb_image bt_bb_shape_square\" data-bt-override-class=\"{}\"><a href=\"https:\/\/www.msaanaliz.com.tr\/m1\/kepez-sube\/\"  target=\"_self\" title=\"Kepez \u015eube\"><img src = \"https:\/\/www.msaanaliz.com.tr\/m1\/wp-content\/plugins\/bold-page-builder\/img\/blank.gif\" data-full_image_src=\"https:\/\/www.msaanaliz.com.tr\/m1\/wp-content\/uploads\/2021\/11\/msalogo2021kepez.png\" data-image_src=\"https:\/\/www.msaanaliz.com.tr\/m1\/wp-content\/uploads\/2021\/11\/msalogo2021kepez.png\" title=\"Kepez \u015eube\" alt=\"Kepez \u015eube\" class=\"btLazyLoadImage\"><\/a><\/div>\r\n\t\t<\/div><div class=\"bt_bb_card_image_text_box\"><div class=\"bt_bb_card_image_title\"><header class=\"bt_bb_headline bt_bb_size_medium\" data-bt-override-class=\"{}\"><h3 class=\"bt_bb_headline_tag\"><span class=\"bt_bb_headline_content\"><span><a href=\"https:\/\/www.msaanaliz.com.tr\/m1\/kepez-sube\/\" target=\"_self\" title=\"Kepez \u015eube\">Kepez \u015eube<\/a><\/span><\/span><\/h3><\/header><\/div><div class=\"bt_bb_card_image_text\">Ayano\u011flu Mh. S\u00fcleyman Demirel Blv. No:34\/2-3 Kepez\/Antalya<\/div><div class=\"bt_bb_card_image_content_inner\"><div  class=\"bt_bb_text\" ><\/p>\n<p>Telefon: 0 242 417 60 70<\/p>\n<p>\n<\/div><div  class=\"bt_bb_text\" ><\/p>\n<p>Faks: 0 242 417 60 80<\/p>\n<p>\n<\/div><div  class=\"bt_bb_text\" ><\/p>\n<p>E-Posta: <a href=\"mailto:mikrobiyoloji@msaanaliz.com.tr\">mikrobiyoloji@msaanaliz.com.tr<\/a><\/p>\n<p>\n<\/div><div  class=\"bt_bb_text\" ><\/p>\n<p>E-Posta: <a href=\"mailto:havuzsuyu@msaanaliz.com.tr\">havuzsuyu@msaanaliz.com.tr<\/a><\/p>\n<p>\n<\/div><div  class=\"bt_bb_text\" ><\/p>\n<p>E-Posta: <a href=\"mailto:kalibrasyon@msaanaliz.com.tr\">kalibrasyon@msaanaliz.com.tr<\/a><\/p>\n<p>\n<\/div><div class=\"bt_bb_separator bt_bb_top_spacing_normal bt_bb_bottom_spacing_normal bt_bb_border_style_none bt_bb_border_color_none\"><\/div><\/div><\/div><\/div><\/div><\/div><\/div><div  class=\"bt_bb_column col-xxl-4 col-xl-4 col-xs-12 col-sm-12 col-md-12 col-lg-4 bt_bb_vertical_align_top bt_bb_align_left bt_bb_padding_normal\" style=\"; --column-width:4;\" data-width=\"4\" data-bt-override-class=\"{}\"><div class=\"bt_bb_column_content\"><div class=\"bt_bb_column_content_inner\"><div class=\"bt_bb_card_image bt_bb_size_medium bt_bb_shadow_show bt_bb_background_color_scheme_2\"><div class=\"bt_bb_card_image_background\">\r\n\t\t\t<div class=\"bt_bb_image bt_bb_shape_square\" data-bt-override-class=\"{}\"><a href=\"https:\/\/www.msaanaliz.com.tr\/m1\/kinik-kas-sube\/\"  target=\"_self\" title=\"K\u0131n\u0131k \u015eube\"><img src = \"https:\/\/www.msaanaliz.com.tr\/m1\/wp-content\/plugins\/bold-page-builder\/img\/blank.gif\" data-full_image_src=\"https:\/\/www.msaanaliz.com.tr\/m1\/wp-content\/uploads\/2021\/11\/msalogo2021kinik.png\" data-image_src=\"https:\/\/www.msaanaliz.com.tr\/m1\/wp-content\/uploads\/2021\/11\/msalogo2021kinik.png\" title=\"K\u0131n\u0131k \u015eube\" alt=\"K\u0131n\u0131k \u015eube\" class=\"btLazyLoadImage\"><\/a><\/div>\r\n\t\t<\/div><div class=\"bt_bb_card_image_text_box\"><div class=\"bt_bb_card_image_title\"><header class=\"bt_bb_headline bt_bb_size_medium\" data-bt-override-class=\"{}\"><h3 class=\"bt_bb_headline_tag\"><span class=\"bt_bb_headline_content\"><span><a href=\"https:\/\/www.msaanaliz.com.tr\/m1\/kinik-kas-sube\/\" target=\"_self\" title=\"K\u0131n\u0131k \u015eube\">K\u0131n\u0131k \u015eube<\/a><\/span><\/span><\/h3><\/header><\/div><div class=\"bt_bb_card_image_text\">K\u0131n\u0131k Mh. Atat\u00fcrk Blv. No:29\/2 Ka\u015f \/ Antalya<\/div><div class=\"bt_bb_card_image_content_inner\"><div  class=\"bt_bb_text\" ><\/p>\n<p>Telefon: 0 242 845 42 40<\/p>\n<p>\n<\/div><div  class=\"bt_bb_text\" ><\/p>\n<p>Faks: 0 242 845 42 10<\/p>\n<p>\n<\/div><div  class=\"bt_bb_text\" ><\/p>\n<p>E-Posta: <a href=\"mailto:kinik@msaanaliz.com.tr\">kinik@msaanaliz.com.tr<\/a><\/p>\n<p>\n<\/div><div  class=\"bt_bb_text\" ><\/p>\n<p>E-Posta: <a href=\"mailto:toprak@msaanaliz.com.tr\">toprak@msaanaliz.com.tr<\/a><\/p>\n<p>\n<\/div><div class=\"bt_bb_separator bt_bb_top_spacing_normal bt_bb_bottom_spacing_normal bt_bb_border_style_none bt_bb_border_color_none\"><\/div><\/div><\/div><\/div><\/div><\/div><\/div><\/div><\/div><\/div><\/div><\/div><\/section><\/p>\n","protected":false},"excerpt":{"rendered":"","protected":false},"author":1,"featured_media":2788,"parent":11,"menu_order":0,"comment_status":"closed","ping_status":"closed","template":"","meta":{"footnotes":""},"class_list":["post-2920","page","type-page","status-publish","has-post-thumbnail","hentry"],"_links":{"self":[{"href":"https:\/\/www.msaanaliz.com.tr\/m1\/wp-json\/wp\/v2\/pages\/2920","targetHints":{"allow":["GET"]}}],"collection":[{"href":"https:\/\/www.msaanaliz.com.tr\/m1\/wp-json\/wp\/v2\/pages"}],"about":[{"href":"https:\/\/www.msaanaliz.com.tr\/m1\/wp-json\/wp\/v2\/types\/page"}],"author":[{"embeddable":true,"href":"https:\/\/www.msaanaliz.com.tr\/m1\/wp-json\/wp\/v2\/users\/1"}],"replies":[{"embeddable":true,"href":"https:\/\/www.msaanaliz.com.tr\/m1\/wp-json\/wp\/v2\/comments?post=2920"}],"version-history":[{"count":53,"href":"https:\/\/www.msaanaliz.com.tr\/m1\/wp-json\/wp\/v2\/pages\/2920\/revisions"}],"predecessor-version":[{"id":3615,"href":"https:\/\/www.msaanaliz.com.tr\/m1\/wp-json\/wp\/v2\/pages\/2920\/revisions\/3615"}],"up":[{"embeddable":true,"href":"https:\/\/www.msaanaliz.com.tr\/m1\/wp-json\/wp\/v2\/pages\/11"}],"wp:featuredmedia":[{"embeddable":true,"href":"https:\/\/www.msaanaliz.com.tr\/m1\/wp-json\/wp\/v2\/media\/2788"}],"wp:attachment":[{"href":"https:\/\/www.msaanaliz.com.tr\/m1\/wp-json\/wp\/v2\/media?parent=2920"}],"curies":[{"name":"wp","href":"https:\/\/api.w.org\/{rel}","templated":true}]}}