{"id":2924,"date":"2020-06-04T07:46:46","date_gmt":"2020-06-04T04:46:46","guid":{"rendered":"http:\/\/novalab.bold-themes.com\/demo-02\/?page_id=2924"},"modified":"2026-02-05T11:22:38","modified_gmt":"2026-02-05T08:22:38","slug":"clients","status":"publish","type":"page","link":"https:\/\/www.msaanaliz.com.tr\/m1\/hakkimizda\/clients\/","title":{"rendered":"Sertifikalar\u0131m\u0131z"},"content":{"rendered":"<p><section id=\"bt_bb_section69e6464baa2ab\" data-parallax=\"0.5\" data-parallax-offset=\"0\" class=\"bt_bb_section bt_bb_color_scheme_16 bt_bb_layout_wide bt_bb_vertical_align_top bt_bb_parallax\" ><div class=\"bt_bb_port\"><div class=\"bt_bb_cell\"><div class=\"bt_bb_cell_inner\"><div class=\"bt_bb_row bt_bb_row_push_right bt_bb_row_push_left bt_bb_content_wide bt_bb_row_width_boxed_1200 bt_bb_row_width_boxed  bt_bb_animation_fade_in move_left animate bt_bb_animation_fade_in move_left animate\"  data-bt-override-class=\"{}\"><div class=\"bt_bb_row_holder\" ><div  class=\"bt_bb_column col-xxl-3 col-xl-3 bt_bb_vertical_align_top bt_bb_align_left bt_bb_padding_normal bt_bb_details_right bt_bb_details-color_white\" style=\"position: relative;; --column-width:3;\" data-width=\"3\" data-bt-override-class=\"{}\"><div class=\"bt_bb_column_content\"><div class=\"bt_bb_column_content_inner\"><\/div><\/div><\/div><div  class=\"bt_bb_column col-xxl-6 col-xl-6 bt_bb_vertical_align_middle bt_bb_align_left bt_bb_padding_20\" style=\"background-color:rgba(255, 255, 255, 1);; --column-width:6;\" data-width=\"6\" data-bt-override-class=\"{}\"><div class=\"bt_bb_column_content\"><div class=\"bt_bb_column_content_inner\"><div class=\"bt_bb_separator bt_bb_bottom_spacing_large bt_bb_border_style_none bt_bb_border_color_none\"><\/div><header class=\"bt_bb_headline bt_bb_dash_none bt_bb_subheadline bt_bb_size_normal bt_bb_align_inherit\" data-bt-override-class=\"{&quot;bt_bb_align_&quot;:{&quot;current_class&quot;:&quot;bt_bb_align_inherit&quot;,&quot;def&quot;:&quot;inherit&quot;,&quot;xl&quot;:&quot;inherit&quot;}}\"><h3 class=\"bt_bb_headline_tag\"><span class=\"bt_bb_headline_content\"><span>MSA LABORATUVARLAR GRUBU<\/span><\/span><\/h3><div class=\"bt_bb_headline_subheadline\">MSA Tar\u0131msal Analiz Laboratuvar\u0131 2011 y\u0131l\u0131nda Pestisit (Kal\u0131nt\u0131) ve Mineral Analiz Laboratuvar\u0131 olarak kurulmu\u015f ve T\u00fcrk Akreditasyon Kurumu (T\u00dcRKAK) taraf\u0131ndan 25.04.2012 tarihinde akredite edilmi\u015ftir.<\/div><\/header><div class=\"bt_bb_separator bt_bb_bottom_spacing_normal bt_bb_border_style_none\"><\/div><div  class=\"bt_bb_text\" ><\/p>\n<p>Daha kaliteli hizmet anlay\u0131\u015f\u0131 ve sekt\u00f6rdeki ihtiya\u00e7lar g\u00f6z \u00f6n\u00fcne al\u0131narak, farkl\u0131 kapsamlarda da hizmet vermek amac\u0131yla, 2014 y\u0131l\u0131nda Mikrobiyoloji ve Havuz suyu Analiz Laboratuvarlar\u0131n\u0131 kurarak T\u00fcrk Akreditasyon Kurumu (T\u00dcRKAK) taraf\u0131ndan 18.03.2015 tarihinde akredite edilmi\u015ftir. S\u00fcrd\u00fcr\u00fclebilir b\u00fcy\u00fcme hedefine ba\u011fl\u0131 olarak,\u00a0 2021 y\u0131l\u0131nda Antalya Ka\u015f il\u00e7emizde K\u0131n\u0131k \u015eubemiz a\u00e7\u0131larak Pestisit (Kal\u0131nt\u0131) ve Mineral Analiz ve Toprak, Bitki ve Sulama Suyu Analizi Laboratuvarlar\u0131 kurulmu\u015f, TS EN ISO\/IEC 17025 standard\u0131na g\u00f6re 24.12.2021 tarihinde\u00a0\u00a0T\u00fcrk Akreditasyon Kurumu (T\u00dcRKAK)\u00a0\u00a0taraf\u0131ndan akredite edilmi\u015ftir.<\/p>\n<div>G\u00fcven ve ba\u015far\u0131n\u0131n s\u00fcreklili\u011fine ba\u011fl\u0131,\u00a02021 y\u0131l\u0131nda kapsam\u0131m\u0131za bir yenili\u011fi daha ekleyerek, Kalibrasyon Laboratuvar\u0131 kurulmu\u015f, TS EN ISO\/IEC 17025 standard\u0131na g\u00f6re 14.03.2022 tarihinde T\u00fcrk Akreditasyon Kurumu (T\u00dcRKAK)\u00a0\u00a0taraf\u0131ndan akredite edilmi\u015ftir.<\/div>\n<p>\n<\/div><div class=\"bt_bb_separator bt_bb_bottom_spacing_normal bt_bb_border_style_none\"><\/div><div class=\"bt_bb_separator bt_bb_bottom_spacing_large bt_bb_border_style_none bt_bb_border_color_none\"><\/div><\/div><\/div><\/div><div  class=\"bt_bb_column col-xxl-3 col-xl-3 bt_bb_vertical_align_top bt_bb_align_left bt_bb_column_background_image bt_bb_padding_normal bt_bb_details_left-inner bt_bb_details-color_white\" style=\"background-image:url(&#039;https:\/\/www.msaanaliz.com.tr\/m1\/wp-content\/uploads\/2020\/05\/inner_experience_01.jpg&#039;);; --column-width:3;\" data-width=\"3\" data-bt-override-class=\"{}\"><div class=\"bt_bb_column_content\"><div class=\"bt_bb_column_content_inner\"><\/div><\/div><\/div><\/div><\/div><\/div><\/div><\/div><\/section><section id=\"bt_bb_section69e6464bab18a\" data-parallax=\"0.7\" data-parallax-offset=\"0\" data-background_image_src=\"'https:\/\/www.msaanaliz.com.tr\/m1\/wp-content\/uploads\/2020\/05\/about_us_background.png'\" class=\"bt_bb_section bt_bb_top_spacing_large bt_bb_bottom_spacing_large bt_bb_color_scheme_16 bt_bb_layout_boxed_1200 bt_bb_vertical_align_top bt_bb_parallax btLazyLoadBackground bt_bb_background_image\" style=\"background-image:url(&#039;https:\/\/www.msaanaliz.com.tr\/m1\/wp-content\/plugins\/bold-page-builder\/img\/blank.gif&#039;);\"><div class=\"bt_bb_port\"><div class=\"bt_bb_cell\"><div class=\"bt_bb_cell_inner\"><div class=\"bt_bb_row \"  data-bt-override-class=\"{}\"><div class=\"bt_bb_row_holder\" ><div  class=\"bt_bb_column col-xxl-12 col-xl-12 col-xs-12 col-sm-12 col-md-12 col-lg-12 bt_bb_vertical_align_top bt_bb_align_left bt_bb_padding_normal\" style=\"; --column-width:12;\" data-width=\"12\" data-bt-override-class=\"{}\"><div class=\"bt_bb_column_content\"><div class=\"bt_bb_column_content_inner\"><header class=\"bt_bb_headline bt_bb_dash_none bt_bb_size_normal bt_bb_align_center\" data-bt-override-class=\"{&quot;bt_bb_align_&quot;:{&quot;current_class&quot;:&quot;bt_bb_align_center&quot;,&quot;def&quot;:&quot;center&quot;,&quot;xl&quot;:&quot;center&quot;}}\"><h3 class=\"bt_bb_headline_tag\"><span class=\"bt_bb_headline_content\"><span>Kurulu\u015f Belgelerimiz<\/span><\/span><\/h3><\/header><div class=\"bt_bb_separator bt_bb_bottom_spacing_normal bt_bb_border_style_none\"><\/div><\/div><\/div><\/div><\/div><\/div><div class=\"bt_bb_row \"  data-bt-override-class=\"{}\"><div class=\"bt_bb_row_holder\" ><div  class=\"bt_bb_column col-xxl-3 col-xl-3 col-xs-12 col-sm-6 col-md-6 col-lg-3 bt_bb_vertical_align_top bt_bb_align_left bt_bb_padding_normal bt_bb_animation_fade_in animate bt_bb_right_border bt_bb_border_color_dark\" style=\"; --column-width:3;\" data-width=\"3\" data-bt-override-class=\"{}\"><div class=\"bt_bb_column_content\"><div class=\"bt_bb_column_content_inner\"><div class=\"bt_bb_image bt_bb_shape_square bt_bb_align_inherit bt_bb_hover_style_simple bt_bb_content_display_always bt_bb_content_align_middle bt_bb_use_lightbox\" data-bt-override-class=\"{&quot;bt_bb_align_&quot;:{&quot;current_class&quot;:&quot;bt_bb_align_inherit&quot;,&quot;def&quot;:&quot;inherit&quot;,&quot;xl&quot;:&quot;inherit&quot;}}\"><a href=\"#lightbox\"  target=\"_self\" title=\"sertifika1\"><img src = \"https:\/\/www.msaanaliz.com.tr\/m1\/wp-content\/plugins\/bold-page-builder\/img\/blank.gif\" data-full_image_src=\"https:\/\/www.msaanaliz.com.tr\/m1\/wp-content\/uploads\/2021\/10\/sertifika1-e1635704540456.png\" data-image_src=\"https:\/\/www.msaanaliz.com.tr\/m1\/wp-content\/uploads\/2021\/10\/sertifika1-e1635704540456.png\" title=\"sertifika1\" alt=\"https:\/\/www.msaanaliz.com.tr\/m1\/wp-content\/uploads\/2021\/10\/sertifika1-e1635704540456.png\" class=\"btLazyLoadImage\"><\/a><\/div><div class=\"bt_bb_separator bt_bb_top_spacing_extra_small bt_bb_bottom_spacing_extra_small bt_bb_border_style_none bt_bb_border_color_none\"><\/div><\/div><\/div><\/div><div  class=\"bt_bb_column col-xxl-3 col-xl-3 col-xs-12 col-sm-6 col-md-6 col-lg-3 bt_bb_vertical_align_top bt_bb_align_left bt_bb_padding_normal bt_bb_animation_fade_in animate bt_bb_right_border bt_bb_border_color_dark\" style=\"; --column-width:3;\" data-width=\"3\" data-bt-override-class=\"{}\"><div class=\"bt_bb_column_content\"><div class=\"bt_bb_column_content_inner\"><div data-bb-version=\"5.4.4\" class=\"bt_bb_image bt_bb_shape_square bt_bb_align_inherit bt_bb_hover_style_simple bt_bb_content_display_always bt_bb_content_align_middle bt_bb_use_lightbox\" data-bt-override-class=\"{&quot;bt_bb_align_&quot;:{&quot;current_class&quot;:&quot;bt_bb_align_inherit&quot;,&quot;def&quot;:&quot;inherit&quot;}}\"><a href=\"#lightbox\"  target=\"_self\" title=\"Ekran Resmi 2026-02-05 11.13.58\"><img src = \"https:\/\/www.msaanaliz.com.tr\/m1\/wp-content\/plugins\/bold-page-builder\/img\/blank.gif\" data-full_image_src=\"https:\/\/www.msaanaliz.com.tr\/m1\/wp-content\/uploads\/2026\/02\/Ekran-Resmi-2026-02-05-11.13.58.png\" data-image_src=\"https:\/\/www.msaanaliz.com.tr\/m1\/wp-content\/uploads\/2026\/02\/Ekran-Resmi-2026-02-05-11.13.58.png\" title=\"Ekran Resmi 2026-02-05 11.13.58\" alt=\"https:\/\/www.msaanaliz.com.tr\/m1\/wp-content\/uploads\/2026\/02\/Ekran-Resmi-2026-02-05-11.13.58.png\" class=\"btLazyLoadImage\"><\/a><\/div><div class=\"bt_bb_separator bt_bb_top_spacing_extra_small bt_bb_bottom_spacing_extra_small bt_bb_border_style_none bt_bb_border_color_none\"><\/div><\/div><\/div><\/div><div  class=\"bt_bb_column col-xxl-3 col-xl-3 col-xs-12 col-sm-6 col-md-6 col-lg-3 bt_bb_vertical_align_top bt_bb_align_left bt_bb_padding_normal bt_bb_animation_fade_in animate bt_bb_right_border bt_bb_border_color_dark\" style=\"; --column-width:3;\" data-width=\"3\" data-bt-override-class=\"{}\"><div class=\"bt_bb_column_content\"><div class=\"bt_bb_column_content_inner\"><div class=\"bt_bb_image bt_bb_shape_square bt_bb_align_inherit bt_bb_hover_style_simple bt_bb_content_display_always bt_bb_content_align_middle bt_bb_use_lightbox\" data-bt-override-class=\"{&quot;bt_bb_align_&quot;:{&quot;current_class&quot;:&quot;bt_bb_align_inherit&quot;,&quot;def&quot;:&quot;inherit&quot;,&quot;xl&quot;:&quot;inherit&quot;}}\"><a href=\"#lightbox\"  target=\"_self\" title=\"sertifika3\"><img src = \"https:\/\/www.msaanaliz.com.tr\/m1\/wp-content\/plugins\/bold-page-builder\/img\/blank.gif\" data-full_image_src=\"https:\/\/www.msaanaliz.com.tr\/m1\/wp-content\/uploads\/2021\/10\/sertifika3-e1635705276666.png\" data-image_src=\"https:\/\/www.msaanaliz.com.tr\/m1\/wp-content\/uploads\/2021\/10\/sertifika3-e1635705276666.png\" title=\"sertifika3\" alt=\"https:\/\/www.msaanaliz.com.tr\/m1\/wp-content\/uploads\/2021\/10\/sertifika3-e1635705276666.png\" class=\"btLazyLoadImage\"><\/a><\/div><div class=\"bt_bb_separator bt_bb_top_spacing_extra_small bt_bb_bottom_spacing_extra_small bt_bb_border_style_none bt_bb_border_color_none\"><\/div><\/div><\/div><\/div><div  class=\"bt_bb_column col-xxl-3 col-xl-3 col-xs-12 col-sm-6 col-md-6 col-lg-3 bt_bb_vertical_align_top bt_bb_align_left bt_bb_padding_normal bt_bb_animation_fade_in animate bt_bb_border_color_dark\" style=\"; --column-width:3;\" data-width=\"3\" data-bt-override-class=\"{}\"><div class=\"bt_bb_column_content\"><div class=\"bt_bb_column_content_inner\"><div class=\"bt_bb_image bt_bb_shape_square bt_bb_align_inherit bt_bb_hover_style_simple bt_bb_content_display_always bt_bb_content_align_middle bt_bb_use_lightbox\" data-bt-override-class=\"{&quot;bt_bb_align_&quot;:{&quot;current_class&quot;:&quot;bt_bb_align_inherit&quot;,&quot;def&quot;:&quot;inherit&quot;,&quot;xl&quot;:&quot;inherit&quot;}}\"><a href=\"#lightbox\"  target=\"_self\" title=\"sertifika4\"><img src = \"https:\/\/www.msaanaliz.com.tr\/m1\/wp-content\/plugins\/bold-page-builder\/img\/blank.gif\" data-full_image_src=\"https:\/\/www.msaanaliz.com.tr\/m1\/wp-content\/uploads\/2021\/10\/sertifika4-e1635705314341.png\" data-image_src=\"https:\/\/www.msaanaliz.com.tr\/m1\/wp-content\/uploads\/2021\/10\/sertifika4-e1635705314341.png\" title=\"sertifika4\" alt=\"https:\/\/www.msaanaliz.com.tr\/m1\/wp-content\/uploads\/2021\/10\/sertifika4-e1635705314341.png\" class=\"btLazyLoadImage\"><\/a><\/div><div class=\"bt_bb_separator bt_bb_top_spacing_extra_small bt_bb_bottom_spacing_extra_small bt_bb_border_style_none bt_bb_border_color_none\"><\/div><\/div><\/div><\/div><\/div><\/div><div class=\"bt_bb_row  bt_bb_column_gap_30 bt_bb_animation_no_animation animate\" style=\"; --column-gap:30px;\" data-bt-override-class=\"{}\"><div class=\"bt_bb_row_holder\" ><\/div><\/div><div class=\"bt_bb_row \"  data-bt-override-class=\"{}\"><div class=\"bt_bb_row_holder\" ><div  class=\"bt_bb_column col-xxl-12 col-xl-12 col-xs-12 col-sm-12 col-md-12 col-lg-12 bt_bb_vertical_align_top bt_bb_align_left bt_bb_padding_normal\" style=\"; --column-width:12;\" data-width=\"12\" data-bt-override-class=\"{}\"><div class=\"bt_bb_column_content\"><div class=\"bt_bb_column_content_inner\"><\/div><\/div><\/div><\/div><\/div><div class=\"bt_bb_row \"  data-bt-override-class=\"{}\"><div class=\"bt_bb_row_holder\" ><div  class=\"bt_bb_column col-xxl-6 col-xl-6 col-xs-12 col-sm-6 col-md-6 col-lg-6 bt_bb_vertical_align_top bt_bb_align_center bt_bb_padding_normal bt_bb_animation_fade_in animate\" style=\"; --column-width:6;\" data-width=\"6\" data-bt-override-class=\"{}\"><div class=\"bt_bb_column_content\"><div class=\"bt_bb_column_content_inner\"><div class=\"bt_bb_separator bt_bb_top_spacing_30 bt_bb_bottom_spacing_small btWithText bt_bb_border_style_none bt_bb_border_color_none\"><span class=\"bt_bb_separator_text\">AB-0890-T T\u00dcRKAK AKRED\u0130TASYON SERT\u0130F\u0130KASI<\/span><\/div><div data-bb-version=\"5.4.4\" class=\"bt_bb_image bt_bb_shape_square bt_bb_align_inherit bt_bb_hover_style_simple bt_bb_content_display_always bt_bb_content_align_middle\" style=\"height:400; overflow: hidden;\" data-bt-override-class=\"{&quot;bt_bb_align_&quot;:{&quot;current_class&quot;:&quot;bt_bb_align_inherit&quot;,&quot;def&quot;:&quot;inherit&quot;}}\"><a href=\"https:\/\/www.msaanaliz.com.tr\/m1\/wp-content\/uploads\/2021\/11\/Sertifika-Rev.08.pdf\"  target=\"_blank\" title=\"Sertifika Rev.08\"><img src = \"https:\/\/www.msaanaliz.com.tr\/m1\/wp-content\/plugins\/bold-page-builder\/img\/blank.gif\" data-full_image_src=\"https:\/\/www.msaanaliz.com.tr\/m1\/wp-content\/uploads\/2021\/11\/Sertifika-Rev.08-pdf.jpg\" data-image_src=\"https:\/\/www.msaanaliz.com.tr\/m1\/wp-content\/uploads\/2021\/11\/Sertifika-Rev.08-pdf-640x828.jpg\" title=\"Sertifika Rev.08\" alt=\"https:\/\/www.msaanaliz.com.tr\/m1\/wp-content\/uploads\/2021\/11\/Sertifika-Rev.08-pdf-640x828.jpg\" class=\"btLazyLoadImage\"><\/a><\/div><div class=\"bt_bb_separator bt_bb_top_spacing_30 bt_bb_bottom_spacing_small btWithText bt_bb_border_style_none bt_bb_border_color_none\"><span class=\"bt_bb_separator_text\">AB-1722-T T\u00dcRKAK AKRED\u0130TASYON SERT\u0130F\u0130KASI<\/span><\/div><div data-bb-version=\"5.4.4\" class=\"bt_bb_image bt_bb_shape_square bt_bb_align_inherit bt_bb_hover_style_simple bt_bb_content_display_always bt_bb_content_align_middle\" data-bt-override-class=\"{&quot;bt_bb_align_&quot;:{&quot;current_class&quot;:&quot;bt_bb_align_inherit&quot;,&quot;def&quot;:&quot;inherit&quot;}}\"><a href=\"https:\/\/www.msaanaliz.com.tr\/m1\/wp-content\/uploads\/2021\/11\/Kinik-Subesi-Laboratuvari-Akreditasyon-Sertifikasi-AB-1722-T.pdf\"  target=\"_blank\" title=\"K\u0131n\u0131k \u015eubesi Laboratuvar\u0131 Akreditasyon Sertifikas\u0131 AB-1722-T\"><img src = \"https:\/\/www.msaanaliz.com.tr\/m1\/wp-content\/plugins\/bold-page-builder\/img\/blank.gif\" data-full_image_src=\"https:\/\/www.msaanaliz.com.tr\/m1\/wp-content\/uploads\/2021\/11\/Kinik-Subesi-Laboratuvari-Akreditasyon-Sertifikasi-AB-1722-T-pdf.jpg\" data-image_src=\"https:\/\/www.msaanaliz.com.tr\/m1\/wp-content\/uploads\/2021\/11\/Kinik-Subesi-Laboratuvari-Akreditasyon-Sertifikasi-AB-1722-T-pdf.jpg\" title=\"K\u0131n\u0131k \u015eubesi Laboratuvar\u0131 Akreditasyon Sertifikas\u0131 AB-1722-T\" alt=\"https:\/\/www.msaanaliz.com.tr\/m1\/wp-content\/uploads\/2021\/11\/Kinik-Subesi-Laboratuvari-Akreditasyon-Sertifikasi-AB-1722-T-pdf.jpg\" class=\"btLazyLoadImage\"><\/a><\/div><\/div><\/div><\/div><div  class=\"bt_bb_column col-xxl-6 col-xl-6 col-xs-12 col-sm-6 col-md-6 col-lg-6 bt_bb_vertical_align_top bt_bb_align_center bt_bb_padding_normal bt_bb_animation_fade_in animate\" style=\"; --column-width:6;\" data-width=\"6\" data-bt-override-class=\"{}\"><div class=\"bt_bb_column_content\"><div class=\"bt_bb_column_content_inner\"><div class=\"bt_bb_separator bt_bb_top_spacing_30 bt_bb_bottom_spacing_small btWithText bt_bb_border_style_none bt_bb_border_color_none\"><span class=\"bt_bb_separator_text\">AB-0535-T T\u00dcRKAK AKRED\u0130TASYON SERT\u0130F\u0130KASI<\/span><\/div><div data-bb-version=\"5.4.4\" class=\"bt_bb_image bt_bb_shape_square bt_bb_align_inherit bt_bb_hover_style_simple bt_bb_content_display_always bt_bb_content_align_middle\" data-bt-override-class=\"{&quot;bt_bb_align_&quot;:{&quot;current_class&quot;:&quot;bt_bb_align_inherit&quot;,&quot;def&quot;:&quot;inherit&quot;}}\"><a href=\"https:\/\/www.msaanaliz.com.tr\/m1\/wp-content\/uploads\/2021\/11\/AB-0535-T-TURKAK-Akreditasyon-Sertifikasi.pdf\"  target=\"_blank\" title=\"Ekran Resmi 2026-02-05 11.14.47\"><img src = \"https:\/\/www.msaanaliz.com.tr\/m1\/wp-content\/plugins\/bold-page-builder\/img\/blank.gif\" data-full_image_src=\"https:\/\/www.msaanaliz.com.tr\/m1\/wp-content\/uploads\/2026\/02\/Ekran-Resmi-2026-02-05-11.14.47.png\" data-image_src=\"https:\/\/www.msaanaliz.com.tr\/m1\/wp-content\/uploads\/2026\/02\/Ekran-Resmi-2026-02-05-11.14.47.png\" title=\"Ekran Resmi 2026-02-05 11.14.47\" alt=\"https:\/\/www.msaanaliz.com.tr\/m1\/wp-content\/uploads\/2026\/02\/Ekran-Resmi-2026-02-05-11.14.47.png\" class=\"btLazyLoadImage\"><\/a><\/div><div class=\"bt_bb_separator bt_bb_top_spacing_30 bt_bb_bottom_spacing_small btWithText bt_bb_border_style_none bt_bb_border_color_none\"><span class=\"bt_bb_separator_text\">AB-0265-K T\u00dcRKAK AKRED\u0130TASYON SERT\u0130F\u0130KASI<\/span><\/div><div data-bb-version=\"5.4.4\" class=\"bt_bb_image bt_bb_shape_square bt_bb_align_inherit bt_bb_hover_style_simple bt_bb_content_display_always bt_bb_content_align_middle\" data-bt-override-class=\"{&quot;bt_bb_align_&quot;:{&quot;current_class&quot;:&quot;bt_bb_align_inherit&quot;,&quot;def&quot;:&quot;inherit&quot;}}\"><a href=\"https:\/\/www.msaanaliz.com.tr\/m1\/wp-content\/uploads\/2021\/11\/Kepez-Subesi-Kalibrasyon-Laboratuvari-Akreditasyon-Sertifikasi-1.pdf\"  target=\"_blank\" title=\"Kepez \u015eubesi Kalibrasyon Lab. Akreditasyon Sertifikas\u0131\"><img src = \"https:\/\/www.msaanaliz.com.tr\/m1\/wp-content\/plugins\/bold-page-builder\/img\/blank.gif\" data-full_image_src=\"https:\/\/www.msaanaliz.com.tr\/m1\/wp-content\/uploads\/2022\/05\/Kepez-Subesi-Kalibrasyon-Lab.-Akreditasyon-Sertifikasi-pdf.jpg\" data-image_src=\"https:\/\/www.msaanaliz.com.tr\/m1\/wp-content\/uploads\/2022\/05\/Kepez-Subesi-Kalibrasyon-Lab.-Akreditasyon-Sertifikasi-pdf.jpg\" title=\"Kepez \u015eubesi Kalibrasyon Lab. Akreditasyon Sertifikas\u0131\" alt=\"https:\/\/www.msaanaliz.com.tr\/m1\/wp-content\/uploads\/2022\/05\/Kepez-Subesi-Kalibrasyon-Lab.-Akreditasyon-Sertifikasi-pdf.jpg\" class=\"btLazyLoadImage\"><\/a><\/div><\/div><\/div><\/div><\/div><\/div><div class=\"bt_bb_row \"  data-bt-override-class=\"{}\"><div class=\"bt_bb_row_holder\" ><div  class=\"bt_bb_column col-xxl-12 col-xl-12 col-xs-12 col-sm-12 col-md-12 col-lg-12 bt_bb_vertical_align_top bt_bb_align_left bt_bb_padding_normal\" style=\"; --column-width:12;\" data-width=\"12\" data-bt-override-class=\"{}\"><div class=\"bt_bb_column_content\"><div class=\"bt_bb_column_content_inner\"><\/div><\/div><\/div><\/div><\/div><div class=\"bt_bb_row \"  data-bt-override-class=\"{}\"><div class=\"bt_bb_row_holder\" ><div  class=\"bt_bb_column col-xxl-12 col-xl-12 col-xs-12 col-sm-12 col-md-12 col-lg-12 bt_bb_vertical_align_top bt_bb_align_left bt_bb_padding_normal\" style=\"; --column-width:12;\" data-width=\"12\" data-bt-override-class=\"{}\"><div class=\"bt_bb_column_content\"><div class=\"bt_bb_column_content_inner\"><\/div><\/div><\/div><\/div><\/div><div class=\"bt_bb_row \"  data-bt-override-class=\"{}\"><div class=\"bt_bb_row_holder\" ><div  class=\"bt_bb_column col-xxl-12 col-xl-12 col-xs-12 col-sm-12 col-md-12 col-lg-12 bt_bb_vertical_align_top bt_bb_align_left bt_bb_padding_normal\" style=\"; --column-width:12;\" data-width=\"12\" data-bt-override-class=\"{}\"><div class=\"bt_bb_column_content\"><div class=\"bt_bb_column_content_inner\"><\/div><\/div><\/div><\/div><\/div><div class=\"bt_bb_row \"  data-bt-override-class=\"{}\"><div class=\"bt_bb_row_holder\" ><div  class=\"bt_bb_column col-xxl-12 col-xl-12 col-xs-12 col-sm-12 col-md-12 col-lg-12 bt_bb_vertical_align_top bt_bb_align_left bt_bb_padding_normal\" style=\"; --column-width:12;\" data-width=\"12\" data-bt-override-class=\"{}\"><div class=\"bt_bb_column_content\"><div class=\"bt_bb_column_content_inner\"><\/div><\/div><\/div><\/div><\/div><div class=\"bt_bb_row \"  data-bt-override-class=\"{}\"><div class=\"bt_bb_row_holder\" ><div  class=\"bt_bb_column col-xxl-12 col-xl-12 col-xs-12 col-sm-12 col-md-12 col-lg-12 bt_bb_vertical_align_top bt_bb_align_left bt_bb_padding_normal\" style=\"; --column-width:12;\" data-width=\"12\" data-bt-override-class=\"{}\"><div class=\"bt_bb_column_content\"><div class=\"bt_bb_column_content_inner\"><\/div><\/div><\/div><\/div><\/div><\/div><\/div><\/div><\/section><\/p>\n","protected":false},"excerpt":{"rendered":"","protected":false},"author":1,"featured_media":2788,"parent":11,"menu_order":0,"comment_status":"closed","ping_status":"closed","template":"","meta":{"footnotes":""},"class_list":["post-2924","page","type-page","status-publish","has-post-thumbnail","hentry"],"_links":{"self":[{"href":"https:\/\/www.msaanaliz.com.tr\/m1\/wp-json\/wp\/v2\/pages\/2924","targetHints":{"allow":["GET"]}}],"collection":[{"href":"https:\/\/www.msaanaliz.com.tr\/m1\/wp-json\/wp\/v2\/pages"}],"about":[{"href":"https:\/\/www.msaanaliz.com.tr\/m1\/wp-json\/wp\/v2\/types\/page"}],"author":[{"embeddable":true,"href":"https:\/\/www.msaanaliz.com.tr\/m1\/wp-json\/wp\/v2\/users\/1"}],"replies":[{"embeddable":true,"href":"https:\/\/www.msaanaliz.com.tr\/m1\/wp-json\/wp\/v2\/comments?post=2924"}],"version-history":[{"count":34,"href":"https:\/\/www.msaanaliz.com.tr\/m1\/wp-json\/wp\/v2\/pages\/2924\/revisions"}],"predecessor-version":[{"id":4016,"href":"https:\/\/www.msaanaliz.com.tr\/m1\/wp-json\/wp\/v2\/pages\/2924\/revisions\/4016"}],"up":[{"embeddable":true,"href":"https:\/\/www.msaanaliz.com.tr\/m1\/wp-json\/wp\/v2\/pages\/11"}],"wp:featuredmedia":[{"embeddable":true,"href":"https:\/\/www.msaanaliz.com.tr\/m1\/wp-json\/wp\/v2\/media\/2788"}],"wp:attachment":[{"href":"https:\/\/www.msaanaliz.com.tr\/m1\/wp-json\/wp\/v2\/media?parent=2924"}],"curies":[{"name":"wp","href":"https:\/\/api.w.org\/{rel}","templated":true}]}}