{"id":2926,"date":"2020-06-04T07:46:58","date_gmt":"2020-06-04T04:46:58","guid":{"rendered":"http:\/\/novalab.bold-themes.com\/demo-02\/?page_id=2926"},"modified":"2023-05-04T14:46:33","modified_gmt":"2023-05-04T11:46:33","slug":"tarafsizlik","status":"publish","type":"page","link":"https:\/\/www.msaanaliz.com.tr\/m1\/hakkimizda\/tarafsizlik\/","title":{"rendered":"Tarafs\u0131zl\u0131k Beyannamesi"},"content":{"rendered":"<section id=\"bt_bb_section6a007028375dd\"  class=\"bt_bb_section bt_bb_top_spacing_large bt_bb_bottom_spacing_medium bt_bb_color_scheme_16 bt_bb_layout_boxed_1200 bt_bb_vertical_align_top\" ><div class=\"bt_bb_port\"><div class=\"bt_bb_cell\"><div class=\"bt_bb_cell_inner\"><div class=\"bt_bb_row \"  data-bt-override-class=\"{}\"><div class=\"bt_bb_row_holder\" ><div  class=\"bt_bb_column col-xxl-5 col-xl-5 bt_bb_vertical_align_top bt_bb_align_left bt_bb_padding_normal bt_bb_animation_fade_in animate\" style=\"; --column-width:5;\" data-width=\"5\" data-bt-override-class=\"{}\"><div class=\"bt_bb_column_content\"><div class=\"bt_bb_column_content_inner\"><div class=\"bt_bb_image bt_bb_shape_square bt_bb_align_inherit bt_bb_hover_style_simple bt_bb_content_display_always bt_bb_content_align_middle\" data-bt-override-class=\"{&quot;bt_bb_align_&quot;:{&quot;current_class&quot;:&quot;bt_bb_align_inherit&quot;,&quot;def&quot;:&quot;inherit&quot;,&quot;xl&quot;:&quot;inherit&quot;}}\"><span><img src = \"https:\/\/www.msaanaliz.com.tr\/m1\/wp-content\/plugins\/bold-page-builder\/img\/blank.gif\" data-full_image_src=\"https:\/\/www.msaanaliz.com.tr\/m1\/wp-content\/uploads\/2021\/10\/msalogo2021-2-160px.png\" data-image_src=\"https:\/\/www.msaanaliz.com.tr\/m1\/wp-content\/uploads\/2021\/10\/msalogo2021-2-160px.png\" title=\"msalogo2021-2-160px\" alt=\"https:\/\/www.msaanaliz.com.tr\/m1\/wp-content\/uploads\/2021\/10\/msalogo2021-2-160px.png\" class=\"btLazyLoadImage\"><\/span><\/div><div class=\"bt_bb_separator bt_bb_bottom_spacing_medium bt_bb_border_style_none bt_bb_border_color_none\"><\/div><\/div><\/div><\/div><div  class=\"bt_bb_column col-xxl-7 col-xl-7 bt_bb_vertical_align_middle bt_bb_align_left bt_bb_padding_40 bt_bb_animation_fade_in animate\" style=\"; --column-width:7;\" data-width=\"7\" data-bt-override-class=\"{}\"><div class=\"bt_bb_column_content\"><div class=\"bt_bb_column_content_inner\"><div class=\"bt_bb_testimonial bt_bb_text_size_large\"><div class=\"bt_bb_testimonial_text\"><span>M\u00fc\u015fterilerimize ba\u011f\u0131ms\u0131z ve tarafs\u0131z davranmay\u0131, hizmetlerimizi ve kurallar\u0131m\u0131z\u0131 m\u00fc\u015fteri fark\u0131 g\u00f6zetmeden e\u015fit olarak uygulamay\u0131,<\/p>\n<p><\/span><\/div><div class=\"bt_bb_testimonial_text_box\"><header class=\"bt_bb_headline bt_bb_subheadline bt_bb_size_medium btNoHeadline\" data-bt-override-class=\"{}\"><div class=\"bt_bb_headline_subheadline\">MSA Laboratuvar\u0131 Personeli ile birlikte hizmet faaliyetlerimizde; ba\u011f\u0131ms\u0131zl\u0131\u011f\u0131m\u0131z ve tarafs\u0131zl\u0131\u011f\u0131m\u0131z hakk\u0131nda \u015f\u00fcphe uyand\u0131rabilecek; ticari, mali ve di\u011fer bask\u0131lardan kaynaklanan bir faaliyet i\u00e7inde bulunmayaca\u011f\u0131m\u0131z\u0131,<\/p><br \/>\n<p>Hizmet faaliyetlerinin yap\u0131lmas\u0131nda tarafs\u0131zl\u0131\u011f\u0131n \u00f6neminin anla\u015f\u0131lmas\u0131n\u0131n sa\u011flanmas\u0131n\u0131, \u00e7\u0131kar \u00e7at\u0131\u015fmas\u0131 olabilecek noktalar\u0131n belirlenerek bunlar\u0131n y\u00f6netilmesini ve tarafs\u0131zl\u0131\u011f\u0131n garanti alt\u0131na al\u0131nmas\u0131n\u0131,<\/p><br \/>\n<p>MSA Laboratuvar\u0131 Personeli, hizmet faaliyetlerini yaparken ulusal ve uluslararas\u0131 standartlar\u0131 esas alan e\u011fitimli, sayg\u0131l\u0131 ve yetkin personelimiz ile ba\u011f\u0131ms\u0131z karar verme, do\u011fruluk, tarafs\u0131zl\u0131k, g\u00fcvenilirlik, a\u00e7\u0131kl\u0131k, h\u0131zl\u0131l\u0131k ve gizlilik ilkelerine tam uyaca\u011f\u0131m\u0131z\u0131 taahh\u00fct ederiz.<\/div><\/header><\/div><\/div><div class=\"bt_bb_separator bt_bb_bottom_spacing_small bt_bb_border_style_none bt_bb_border_color_none\"><\/div><header class=\"bt_bb_headline bt_bb_dash_none bt_bb_subheadline bt_bb_size_small bt_bb_align_inherit\" data-bt-override-class=\"{&quot;bt_bb_align_&quot;:{&quot;current_class&quot;:&quot;bt_bb_align_inherit&quot;,&quot;def&quot;:&quot;inherit&quot;,&quot;xl&quot;:&quot;inherit&quot;}}\"><h4 class=\"bt_bb_headline_tag\"><span class=\"bt_bb_headline_content\"><span>Mustafa AKAR<\/span><\/span><\/h4><div class=\"bt_bb_headline_subheadline\">Genel M\u00fcd\u00fcr<\/div><\/header><div class=\"bt_bb_image bt_bb_shape_square bt_bb_align_inherit bt_bb_hover_style_simple bt_bb_content_display_always bt_bb_content_align_middle\" data-bt-override-class=\"{&quot;bt_bb_align_&quot;:{&quot;current_class&quot;:&quot;bt_bb_align_inherit&quot;,&quot;def&quot;:&quot;inherit&quot;,&quot;xl&quot;:&quot;inherit&quot;}}\"><span><img src = \"https:\/\/www.msaanaliz.com.tr\/m1\/wp-content\/plugins\/bold-page-builder\/img\/blank.gif\" data-full_image_src=\"https:\/\/www.msaanaliz.com.tr\/m1\/wp-content\/uploads\/2023\/05\/makarimza-1.png\" data-image_src=\"https:\/\/www.msaanaliz.com.tr\/m1\/wp-content\/uploads\/2023\/05\/makarimza-1-160x160.png\" title=\"makarimza\" alt=\"https:\/\/www.msaanaliz.com.tr\/m1\/wp-content\/uploads\/2023\/05\/makarimza-1-160x160.png\" class=\"btLazyLoadImage\"><\/span><\/div><div class=\"bt_bb_separator bt_bb_bottom_spacing_medium bt_bb_border_style_none\"><\/div><\/div><\/div><\/div><\/div><\/div><\/div><\/div><\/div><\/section>\n","protected":false},"excerpt":{"rendered":"","protected":false},"author":1,"featured_media":2788,"parent":11,"menu_order":0,"comment_status":"closed","ping_status":"closed","template":"","meta":{"footnotes":""},"class_list":["post-2926","page","type-page","status-publish","has-post-thumbnail","hentry"],"_links":{"self":[{"href":"https:\/\/www.msaanaliz.com.tr\/m1\/wp-json\/wp\/v2\/pages\/2926","targetHints":{"allow":["GET"]}}],"collection":[{"href":"https:\/\/www.msaanaliz.com.tr\/m1\/wp-json\/wp\/v2\/pages"}],"about":[{"href":"https:\/\/www.msaanaliz.com.tr\/m1\/wp-json\/wp\/v2\/types\/page"}],"author":[{"embeddable":true,"href":"https:\/\/www.msaanaliz.com.tr\/m1\/wp-json\/wp\/v2\/users\/1"}],"replies":[{"embeddable":true,"href":"https:\/\/www.msaanaliz.com.tr\/m1\/wp-json\/wp\/v2\/comments?post=2926"}],"version-history":[{"count":9,"href":"https:\/\/www.msaanaliz.com.tr\/m1\/wp-json\/wp\/v2\/pages\/2926\/revisions"}],"predecessor-version":[{"id":3839,"href":"https:\/\/www.msaanaliz.com.tr\/m1\/wp-json\/wp\/v2\/pages\/2926\/revisions\/3839"}],"up":[{"embeddable":true,"href":"https:\/\/www.msaanaliz.com.tr\/m1\/wp-json\/wp\/v2\/pages\/11"}],"wp:featuredmedia":[{"embeddable":true,"href":"https:\/\/www.msaanaliz.com.tr\/m1\/wp-json\/wp\/v2\/media\/2788"}],"wp:attachment":[{"href":"https:\/\/www.msaanaliz.com.tr\/m1\/wp-json\/wp\/v2\/media?parent=2926"}],"curies":[{"name":"wp","href":"https:\/\/api.w.org\/{rel}","templated":true}]}}