{"id":3601,"date":"2021-11-01T22:22:14","date_gmt":"2021-11-01T19:22:14","guid":{"rendered":"https:\/\/www.msaanaliz.com.tr\/m1\/?page_id=3601"},"modified":"2021-11-06T22:20:57","modified_gmt":"2021-11-06T19:20:57","slug":"hesap-bilgilerimiz","status":"publish","type":"page","link":"https:\/\/www.msaanaliz.com.tr\/m1\/hesap-bilgilerimiz\/","title":{"rendered":"Hesap Bilgilerimiz"},"content":{"rendered":"<section id=\"bt_bb_section69e645dcbc697\"  class=\"bt_bb_section bt_bb_top_spacing_large bt_bb_bottom_spacing_medium bt_bb_color_scheme_16 bt_bb_layout_boxed_1200 bt_bb_vertical_align_top\" ><div class=\"bt_bb_port\"><div class=\"bt_bb_cell\"><div class=\"bt_bb_cell_inner\"><div class=\"bt_bb_row \"  data-bt-override-class=\"{}\"><div class=\"bt_bb_row_holder\" ><div  class=\"bt_bb_column col-xxl-5 col-xl-5 bt_bb_vertical_align_top bt_bb_align_left bt_bb_padding_normal bt_bb_animation_fade_in animate\" style=\"; --column-width:5;\" data-width=\"5\" data-bt-override-class=\"{}\"><div class=\"bt_bb_column_content\"><div class=\"bt_bb_column_content_inner\"><div class=\"bt_bb_image bt_bb_shape_square bt_bb_align_inherit bt_bb_hover_style_simple bt_bb_content_display_always bt_bb_content_align_middle\" data-bt-override-class=\"{&quot;bt_bb_align_&quot;:{&quot;current_class&quot;:&quot;bt_bb_align_inherit&quot;,&quot;def&quot;:&quot;inherit&quot;,&quot;xl&quot;:&quot;inherit&quot;}}\"><span><img src = \"https:\/\/www.msaanaliz.com.tr\/m1\/wp-content\/plugins\/bold-page-builder\/img\/blank.gif\" data-full_image_src=\"https:\/\/www.msaanaliz.com.tr\/m1\/wp-content\/uploads\/2021\/10\/msalogo2021-2-160px.png\" data-image_src=\"https:\/\/www.msaanaliz.com.tr\/m1\/wp-content\/uploads\/2021\/10\/msalogo2021-2-160px.png\" title=\"msalogo2021-2-160px\" alt=\"https:\/\/www.msaanaliz.com.tr\/m1\/wp-content\/uploads\/2021\/10\/msalogo2021-2-160px.png\" class=\"btLazyLoadImage\"><\/span><\/div><div class=\"bt_bb_separator bt_bb_bottom_spacing_medium bt_bb_border_style_none bt_bb_border_color_none\"><\/div><\/div><\/div><\/div><div  class=\"bt_bb_column col-xxl-7 col-xl-7 bt_bb_vertical_align_middle bt_bb_align_left bt_bb_padding_40 bt_bb_animation_fade_in animate\" style=\"; --column-width:7;\" data-width=\"7\" data-bt-override-class=\"{}\"><div class=\"bt_bb_column_content\"><div class=\"bt_bb_column_content_inner\"><div class=\"bt_bb_testimonial bt_bb_text_size_large\"><div class=\"bt_bb_testimonial_text\"><span>Fatura Bilgilerimiz<br \/>\n<\/span><\/div><div class=\"bt_bb_testimonial_text_box\"><header class=\"bt_bb_headline bt_bb_subheadline bt_bb_size_small btNoHeadline\" data-bt-override-class=\"{}\"><div class=\"bt_bb_headline_subheadline\">MSA Tar\u0131msal Analiz Laboratuvar\u0131 Zirai Dan\u0131\u015fmanl\u0131k Tar\u0131m G\u0131da \u0130n\u015f. San. Tic. Ltd. \u015eti.<br \/><br \/>\nG\u00fcvenlik Mah. 282. Sk. Ziya Sar\u0131 \u0130\u015f Merkezi No: 14\/4 Muratpa\u015fa\/ANTALYA<br \/><br \/>\nKurumlar V.D.: 623 032 2272<br \/><br \/>\nTel: 0242 345 74 74<br \/><br \/>\nFax: 0242 345 74 71<br \/><br \/>\nE-mail: msa@msaanaliz.com.tr<\/div><\/header><\/div><\/div><div class=\"bt_bb_separator bt_bb_bottom_spacing_small bt_bb_border_style_none bt_bb_border_color_none\"><\/div><div class=\"bt_bb_testimonial bt_bb_text_size_large\"><div class=\"bt_bb_testimonial_text\"><span>Banka Hesap Bilgilerimiz<br \/>\n<\/span><\/div><div class=\"bt_bb_testimonial_text_box\"><header class=\"bt_bb_headline bt_bb_subheadline bt_bb_size_small btNoHeadline\" data-bt-override-class=\"{}\"><div class=\"bt_bb_headline_subheadline\">Z\u0130RAAT BANKASI<br \/><br \/>\nIBAN NO : TR49 0001 0010 3657 7697 4050 17<\/p><br \/>\n<p>YAPI KRED\u0130 BANKASI<br \/><br \/>\nIBAN NO : TR80 0006 7010 0000 0090 8462 39<\/p><br \/>\n<p>\u0130\u015e BANKASI<br \/><br \/>\nIBAN NO : TR51 0006 4000 0016 2004 2888 94<\/p><br \/>\n<p>KUVEYTT\u00dcRK BANKASI<br \/><br \/>\nIBAN NO : TR43 0020 5000 0941 1270 6000 01<\/p><br \/>\n<p>VAKIFBANK<br \/><br \/>\nIBAN NO: TR19 0001 5001 5800 7310 9910 62<\/p><br \/>\n<p><\/div><\/header><\/div><\/div><div class=\"bt_bb_separator bt_bb_bottom_spacing_small bt_bb_border_style_none bt_bb_border_color_none\"><\/div><\/div><\/div><\/div><\/div><\/div><\/div><\/div><\/div><\/section>\n","protected":false},"excerpt":{"rendered":"","protected":false},"author":1,"featured_media":0,"parent":0,"menu_order":0,"comment_status":"closed","ping_status":"closed","template":"","meta":{"footnotes":""},"class_list":["post-3601","page","type-page","status-publish","hentry"],"_links":{"self":[{"href":"https:\/\/www.msaanaliz.com.tr\/m1\/wp-json\/wp\/v2\/pages\/3601","targetHints":{"allow":["GET"]}}],"collection":[{"href":"https:\/\/www.msaanaliz.com.tr\/m1\/wp-json\/wp\/v2\/pages"}],"about":[{"href":"https:\/\/www.msaanaliz.com.tr\/m1\/wp-json\/wp\/v2\/types\/page"}],"author":[{"embeddable":true,"href":"https:\/\/www.msaanaliz.com.tr\/m1\/wp-json\/wp\/v2\/users\/1"}],"replies":[{"embeddable":true,"href":"https:\/\/www.msaanaliz.com.tr\/m1\/wp-json\/wp\/v2\/comments?post=3601"}],"version-history":[{"count":6,"href":"https:\/\/www.msaanaliz.com.tr\/m1\/wp-json\/wp\/v2\/pages\/3601\/revisions"}],"predecessor-version":[{"id":3691,"href":"https:\/\/www.msaanaliz.com.tr\/m1\/wp-json\/wp\/v2\/pages\/3601\/revisions\/3691"}],"wp:attachment":[{"href":"https:\/\/www.msaanaliz.com.tr\/m1\/wp-json\/wp\/v2\/media?parent=3601"}],"curies":[{"name":"wp","href":"https:\/\/api.w.org\/{rel}","templated":true}]}}