{"id":3627,"date":"2021-11-01T23:13:53","date_gmt":"2021-11-01T20:13:53","guid":{"rendered":"https:\/\/www.msaanaliz.com.tr\/m1\/?page_id=3627"},"modified":"2021-11-01T23:13:53","modified_gmt":"2021-11-01T20:13:53","slug":"is-basvuru-formu","status":"publish","type":"page","link":"https:\/\/www.msaanaliz.com.tr\/m1\/is-basvuru-formu\/","title":{"rendered":"\u0130\u015f Ba\u015fvuru Formu"},"content":{"rendered":"<p><iframe loading=\"lazy\" style=\"border: none;\" src=\"https:\/\/www.emailmeform.com\/builder\/embed\/QcqmNt495bdMSPi2\" width=\"1000\" height=\"2968\" frameborder=\"0\" scrolling=\"no\"><span data-mce-type=\"bookmark\" style=\"display: inline-block; width: 0px; overflow: hidden; line-height: 0;\" class=\"mce_SELRES_start\">\ufeff<\/span><a href=\"https:\/\/www.emailmeform.com\/builder\/embed\/QcqmNt495bdMSPi2\">Fill out form.<\/a><\/iframe><\/p>\n","protected":false},"excerpt":{"rendered":"<p>\ufeffFill out form.<\/p>\n","protected":false},"author":1,"featured_media":0,"parent":0,"menu_order":0,"comment_status":"closed","ping_status":"closed","template":"","meta":{"footnotes":""},"class_list":["post-3627","page","type-page","status-publish","hentry"],"_links":{"self":[{"href":"https:\/\/www.msaanaliz.com.tr\/m1\/wp-json\/wp\/v2\/pages\/3627","targetHints":{"allow":["GET"]}}],"collection":[{"href":"https:\/\/www.msaanaliz.com.tr\/m1\/wp-json\/wp\/v2\/pages"}],"about":[{"href":"https:\/\/www.msaanaliz.com.tr\/m1\/wp-json\/wp\/v2\/types\/page"}],"author":[{"embeddable":true,"href":"https:\/\/www.msaanaliz.com.tr\/m1\/wp-json\/wp\/v2\/users\/1"}],"replies":[{"embeddable":true,"href":"https:\/\/www.msaanaliz.com.tr\/m1\/wp-json\/wp\/v2\/comments?post=3627"}],"version-history":[{"count":1,"href":"https:\/\/www.msaanaliz.com.tr\/m1\/wp-json\/wp\/v2\/pages\/3627\/revisions"}],"predecessor-version":[{"id":3628,"href":"https:\/\/www.msaanaliz.com.tr\/m1\/wp-json\/wp\/v2\/pages\/3627\/revisions\/3628"}],"wp:attachment":[{"href":"https:\/\/www.msaanaliz.com.tr\/m1\/wp-json\/wp\/v2\/media?parent=3627"}],"curies":[{"name":"wp","href":"https:\/\/api.w.org\/{rel}","templated":true}]}}